{"id":8113,"date":"2024-09-16T11:19:18","date_gmt":"2024-09-16T09:19:18","guid":{"rendered":"https:\/\/mecon.ch\/copia-dellimpronta\/"},"modified":"2024-09-16T15:27:03","modified_gmt":"2024-09-16T13:27:03","slug":"dichiarazione-della-privacy","status":"publish","type":"page","link":"https:\/\/mecon.ch\/it\/dichiarazione-della-privacy\/","title":{"rendered":"Dichiarazione privacy"},"content":{"rendered":"\t\t<div data-elementor-type=\"wp-page\" data-elementor-id=\"8113\" class=\"elementor elementor-8113 elementor-8110\" data-elementor-post-type=\"page\">\n\t\t\t\t\t\t<section class=\"elementor-section elementor-top-section elementor-element elementor-element-d677640 elementor-section-boxed elementor-section-height-default elementor-section-height-default\" data-id=\"d677640\" data-element_type=\"section\" data-settings=\"{&quot;jet_parallax_layout_list&quot;:[{&quot;jet_parallax_layout_image&quot;:{&quot;url&quot;:&quot;&quot;,&quot;id&quot;:&quot;&quot;,&quot;size&quot;:&quot;&quot;},&quot;_id&quot;:&quot;a9a29ca&quot;,&quot;jet_parallax_layout_image_tablet_extra&quot;:{&quot;url&quot;:&quot;&quot;,&quot;id&quot;:&quot;&quot;,&quot;size&quot;:&quot;&quot;},&quot;jet_parallax_layout_image_tablet&quot;:{&quot;url&quot;:&quot;&quot;,&quot;id&quot;:&quot;&quot;,&quot;size&quot;:&quot;&quot;},&quot;jet_parallax_layout_image_mobile&quot;:{&quot;url&quot;:&quot;&quot;,&quot;id&quot;:&quot;&quot;,&quot;size&quot;:&quot;&quot;},&quot;jet_parallax_layout_speed&quot;:{&quot;unit&quot;:&quot;%&quot;,&quot;size&quot;:50,&quot;sizes&quot;:[]},&quot;jet_parallax_layout_type&quot;:&quot;scroll&quot;,&quot;jet_parallax_layout_direction&quot;:null,&quot;jet_parallax_layout_fx_direction&quot;:null,&quot;jet_parallax_layout_z_index&quot;:&quot;&quot;,&quot;jet_parallax_layout_bg_x&quot;:50,&quot;jet_parallax_layout_bg_x_tablet_extra&quot;:&quot;&quot;,&quot;jet_parallax_layout_bg_x_tablet&quot;:&quot;&quot;,&quot;jet_parallax_layout_bg_x_mobile&quot;:&quot;&quot;,&quot;jet_parallax_layout_bg_y&quot;:50,&quot;jet_parallax_layout_bg_y_tablet_extra&quot;:&quot;&quot;,&quot;jet_parallax_layout_bg_y_tablet&quot;:&quot;&quot;,&quot;jet_parallax_layout_bg_y_mobile&quot;:&quot;&quot;,&quot;jet_parallax_layout_bg_size&quot;:&quot;auto&quot;,&quot;jet_parallax_layout_bg_size_tablet_extra&quot;:&quot;&quot;,&quot;jet_parallax_layout_bg_size_tablet&quot;:&quot;&quot;,&quot;jet_parallax_layout_bg_size_mobile&quot;:&quot;&quot;,&quot;jet_parallax_layout_animation_prop&quot;:&quot;transform&quot;,&quot;jet_parallax_layout_on&quot;:[&quot;desktop&quot;,&quot;tablet&quot;]}]}\">\n\t\t\t\t\t\t<div class=\"elementor-container elementor-column-gap-default\">\n\t\t\t\t\t<div class=\"elementor-column elementor-col-100 elementor-top-column elementor-element elementor-element-f9c0fd0\" data-id=\"f9c0fd0\" data-element_type=\"column\">\n\t\t\t<div class=\"elementor-widget-wrap elementor-element-populated\">\n\t\t\t\t\t\t<div class=\"elementor-element elementor-element-f5523b9 elementor-widget elementor-widget-text-editor\" data-id=\"f5523b9\" data-element_type=\"widget\" data-widget_type=\"text-editor.default\">\n\t\t\t\t<div class=\"elementor-widget-container\">\n\t\t\t\t\t\t\t\t\t<div class=\"su-row\"><div class=\"su-column su-column-size-1-4\"><div class=\"su-column-inner su-u-clearfix su-u-trim\"><h1><strong>Dichiarazione privacy MECON<\/strong><\/h1><p><strong><br \/>Identit\u00e0 e indirizzo del responsabile<\/strong><\/p><p>MECON measure &amp; consult GmbH<br \/>Badenerstrasse 281<br \/>8003 Zurigo<br \/>Svizzera<\/p><p>E-mail: contact@mecon.ch<br \/>No. di telefono: 044 450 40 60<\/p><p><strong><span style=\"background-color: transparent; color: var( --e-global-color-text );\"><br \/>1. <\/span><\/strong><strong style=\"background-color: transparent; color: var( --e-global-color-text );\">Informazioni generali sul trattamento dei dati<\/strong><\/p><p><strong>1.1.\u00a0Informazioni generali e definizione dei termini<br \/><\/strong><\/p><p>Quando si contatta MECON measure &amp; Consult GmbH (di seguito &#8220;MECON&#8221;, &#8220;noi&#8221; o &#8220;ci&#8221;), vengono talvolta elaborati &#8220;dati personali&#8221; che rientrano nella legge sulla protezione dei dati (nLPD) e nell&#8217;ordinanza sulla protezione dei dati (OPDa).<\/p><p>Il termine &#8220;trattamento&#8221; comprende qualsiasi trattamento di dati personali, indipendentemente dai mezzi e dalle procedure utilizzate, in particolare la raccolta, il salvataggio, la conservazione, l&#8217;uso, la modifica, la divulgazione, l&#8217;archiviazione, la cancellazione e la distruzione dei dati personali.<\/p><p><strong>1.2. Finalit\u00e0 del trattamento<\/strong><\/p><p>Trattiamo i dati personali principalmente allo scopo di concludere ed elaborare un ordine e per adempiere agli obblighi di legge.<\/p><p><strong>2. Metodo di trattamento<\/strong><\/p><p><strong>2.1. Dati personali trattati<\/strong><\/p><p>I dati trattati per l&#8217;elaborazione dell&#8217;ordine sono elencati nelle sezioni 2.2. e 2.3.<br \/>Trattiamo solo i seguenti dati:<\/p><ul><li>Dati di contatto dei nostri clienti<br \/>(vedi punto 2.2.)<\/li><li>Indirizzi degli intervistati (se MECON invia i questionari agli intervistati)<br \/>(vedi punto 2.3.)<\/li><li>Indirizzo volontario degli intervistati (se la richiesta di contatto \u00e8 disponibile)<br \/>(vedi punto 2.3.)<\/li><\/ul><p><strong><br \/>2.2. Dati di contatto dei nostri clienti<\/strong><\/p><p>Per comunicare con i nostri clienti (fornitori di servizi nel settore sanitario), vengono memorizzati i loro dati di contatto. Vengono memorizzate solo le informazioni di contatto abituali, come il nome dell&#8217;azienda, l&#8217;indirizzo, l&#8217;indirizzo e-mail, il numero di telefono e le nostre persone di riferimento.<\/p><p><strong>2.3. Conduzione di sondaggi nel settore sanitario<\/strong><\/p><p>Tutti i nostri sondaggi sono anonimi. I dati di valutazione generati dal sondaggio non contengono alcun dato personale. Si applicano le seguenti due eccezioni:<\/p><p><u>a. Svolgimento del sondaggio<\/u>:<br \/>Per condurre il sondaggio (se MECON invia i questionari agli intervistati), abbiamo bisogno dei dati di contatto delle persone da intervistare, nella misura in cui ci\u00f2 \u00e8 necessario per l&#8217;elaborazione dell&#8217;ordine. Questi dati ci vengono forniti o messi a disposizione dai nostri clienti per l&#8217;invito al sondaggio cartaceo e\/o online. Si tratta dei seguenti dati: Nome, indirizzo postale e\/o e-mail e &#8211; a seconda del tipo di sondaggio &#8211; il dipartimento o l&#8217;unit\u00e0 organizzativa degli intervistati.<\/p><p><u>b. Richiesta di contatto<\/u>:<br \/>Per consentire ai nostri clienti di contattare le persone intervistate su loro richiesta, richiediamo i dati personali forniti volontariamente dalle persone intervistate, come il nome, l&#8217;indirizzo postale, l&#8217;indirizzo e-mail e il numero di telefono.<\/p><p>Tali dati personali delle persone da intervistare saranno conservati da noi solo temporaneamente e saranno cancellati al termine dell&#8217;indagine e dopo un periodo di tolleranza di massimo due anni (per eventuali domande di follow-up).<\/p><p><strong>2.4. Collaborazione con terzi<\/strong><\/p><p>Collaboriamo con terzi per fornire i nostri servizi, ma non trasmettiamo loro alcun dato personale, tranne nel caso in cui l&#8217;ordine venga trasmesso a un&#8217;azienda terza per la spedizione in conformit\u00e0 con il punto 2.3.a. In questo caso, viene firmato un accordo separato sulla protezione dei dati.<\/p><p><strong>2.5. Diritti<\/strong><\/p><p>I soggetti di cui abbiamo ricevuto i dati in conformit\u00e0 al punto 2.1. per l&#8217;elaborazione dell&#8217;ordine hanno il diritto di richiederci informazioni in conformit\u00e0 all&#8217;Art. Art. 25 nLPD. Le richieste di informazioni devono essere indirizzate a: contact@mecon.ch. Di norma, la richiesta presuppone che la persona interessata dimostri chiaramente la propria identit\u00e0 (ad esempio con una copia del documento d&#8217;identit\u00e0 se la sua identit\u00e0 non pu\u00f2 essere verificata in altro modo).<\/p><p><strong>2.6. Divulgazione di dati personali<\/strong><\/p><p>Nessuno al di fuori di MECON riceve dati personali da noi (ad eccezione del punto 2.4.).<\/p><p><strong>2.7. Newsletter<\/strong><\/p><p>Utilizziamo la soluzione Mailchimp per le newsletter digitali. \u00c8 possibile aggiornare e cancellare i dati personali (o cancellarsi dalla newsletter) in qualsiasi momento. Le informazioni corrispondenti si trovano in ogni newsletter.<\/p><p><strong>3 Utilizzo del sito web<\/strong><\/p><p>I cookie che utilizziamo servono ad aumentare e migliorare la facilit\u00e0 d&#8217;uso del nostro sito web.<br \/>Per ulteriori informazioni sull&#8217;uso dei cookie, si prega di consultare l&#8217;impressum sul nostro sito web.<\/p><p><strong>4 Social media<\/strong><\/p><p>Non siamo presenti sui social media e su altre piattaforme online.<\/p><p><strong>5 Modifiche alla dichiarazione privacy<\/strong><\/p><p>La presente informativa sulla privacy non pretende di essere completa e ci riserviamo espressamente il diritto di modificarla in qualsiasi momento.<\/p><p>Ultima modifica: 01.09.2024<\/p><\/div><\/div><\/div>\t\t\t\t\t\t\t\t<\/div>\n\t\t\t\t<\/div>\n\t\t\t\t\t<\/div>\n\t\t<\/div>\n\t\t\t\t\t<\/div>\n\t\t<\/section>\n\t\t\t\t<\/div>\n\t\t","protected":false},"excerpt":{"rendered":"<p>Dichiarazione privacy MECON Identit\u00e0 e indirizzo del responsabile MECON measure &amp; consult GmbHBadenerstrasse 2818003 ZurigoSvizzera E-mail: contact@mecon.chNo. di telefono: 044 450 40 60 1. Informazioni generali sul trattamento dei dati 1.1.\u00a0Informazioni generali e definizione dei termini Quando si contatta MECON measure &amp; Consult GmbH (di seguito &#8220;MECON&#8221;, &#8220;noi&#8221; o &#8220;ci&#8221;), vengono talvolta elaborati &#8220;dati personali&#8221; [&hellip;]<\/p>\n","protected":false},"author":4,"featured_media":0,"parent":0,"menu_order":0,"comment_status":"closed","ping_status":"closed","template":"","meta":{"_acf_changed":false,"footnotes":""},"class_list":["post-8113","page","type-page","status-publish","hentry"],"acf":[],"yoast_head":"<!-- This site is optimized with the Yoast SEO Premium plugin v20.8 (Yoast SEO v26.0) - https:\/\/yoast.com\/wordpress\/plugins\/seo\/ -->\n<title>Dichiarazione privacy - mecon.ch<\/title>\n<meta name=\"robots\" content=\"index, follow, max-snippet:-1, max-image-preview:large, max-video-preview:-1\" \/>\n<link rel=\"canonical\" href=\"https:\/\/mecon.ch\/it\/dichiarazione-della-privacy\/\" \/>\n<meta property=\"og:locale\" content=\"it_IT\" \/>\n<meta property=\"og:type\" content=\"article\" \/>\n<meta property=\"og:title\" content=\"Dichiarazione privacy\" \/>\n<meta property=\"og:description\" content=\"Dichiarazione privacy MECON Identit\u00e0 e indirizzo del responsabile MECON measure &amp; consult GmbHBadenerstrasse 2818003 ZurigoSvizzera E-mail: contact@mecon.chNo. di telefono: 044 450 40 60 1. Informazioni generali sul trattamento dei dati 1.1.\u00a0Informazioni generali e definizione dei termini Quando si contatta MECON measure &amp; Consult GmbH (di seguito &#8220;MECON&#8221;, &#8220;noi&#8221; o &#8220;ci&#8221;), vengono talvolta elaborati &#8220;dati personali&#8221; [&hellip;]\" \/>\n<meta property=\"og:url\" content=\"https:\/\/mecon.ch\/it\/dichiarazione-della-privacy\/\" \/>\n<meta property=\"og:site_name\" content=\"mecon.ch\" \/>\n<meta property=\"article:modified_time\" content=\"2024-09-16T13:27:03+00:00\" \/>\n<meta name=\"twitter:card\" content=\"summary_large_image\" \/>\n<meta name=\"twitter:label1\" content=\"Tempo di lettura stimato\" \/>\n\t<meta name=\"twitter:data1\" content=\"4 minuti\" \/>\n<script type=\"application\/ld+json\" class=\"yoast-schema-graph\">{\"@context\":\"https:\/\/schema.org\",\"@graph\":[{\"@type\":\"WebPage\",\"@id\":\"https:\/\/mecon.ch\/it\/dichiarazione-della-privacy\/\",\"url\":\"https:\/\/mecon.ch\/it\/dichiarazione-della-privacy\/\",\"name\":\"Dichiarazione privacy - mecon.ch\",\"isPartOf\":{\"@id\":\"https:\/\/mecon.ch\/it\/#website\"},\"datePublished\":\"2024-09-16T09:19:18+00:00\",\"dateModified\":\"2024-09-16T13:27:03+00:00\",\"breadcrumb\":{\"@id\":\"https:\/\/mecon.ch\/it\/dichiarazione-della-privacy\/#breadcrumb\"},\"inLanguage\":\"it-IT\",\"potentialAction\":[{\"@type\":\"ReadAction\",\"target\":[\"https:\/\/mecon.ch\/it\/dichiarazione-della-privacy\/\"]}]},{\"@type\":\"BreadcrumbList\",\"@id\":\"https:\/\/mecon.ch\/it\/dichiarazione-della-privacy\/#breadcrumb\",\"itemListElement\":[{\"@type\":\"ListItem\",\"position\":1,\"name\":\"Startseite\",\"item\":\"https:\/\/mecon.ch\/it\/casa\/\"},{\"@type\":\"ListItem\",\"position\":2,\"name\":\"Dichiarazione privacy\"}]},{\"@type\":\"WebSite\",\"@id\":\"https:\/\/mecon.ch\/it\/#website\",\"url\":\"https:\/\/mecon.ch\/it\/\",\"name\":\"mecon.ch\",\"description\":\"MECON measure &amp; consult GmbH\",\"publisher\":{\"@id\":\"https:\/\/mecon.ch\/it\/#organization\"},\"potentialAction\":[{\"@type\":\"SearchAction\",\"target\":{\"@type\":\"EntryPoint\",\"urlTemplate\":\"https:\/\/mecon.ch\/it\/?s={search_term_string}\"},\"query-input\":{\"@type\":\"PropertyValueSpecification\",\"valueRequired\":true,\"valueName\":\"search_term_string\"}}],\"inLanguage\":\"it-IT\"},{\"@type\":\"Organization\",\"@id\":\"https:\/\/mecon.ch\/it\/#organization\",\"name\":\"MECON measure & consult GmbH\",\"url\":\"https:\/\/mecon.ch\/it\/\",\"logo\":{\"@type\":\"ImageObject\",\"inLanguage\":\"it-IT\",\"@id\":\"https:\/\/mecon.ch\/it\/#\/schema\/logo\/image\/\",\"url\":\"https:\/\/mecon.ch\/wp-content\/uploads\/2022\/06\/logo_mecon-1-1.png\",\"contentUrl\":\"https:\/\/mecon.ch\/wp-content\/uploads\/2022\/06\/logo_mecon-1-1.png\",\"width\":150,\"height\":22,\"caption\":\"MECON measure & consult GmbH\"},\"image\":{\"@id\":\"https:\/\/mecon.ch\/it\/#\/schema\/logo\/image\/\"}}]}<\/script>\n<!-- \/ Yoast SEO Premium plugin. -->","yoast_head_json":{"title":"Dichiarazione privacy - mecon.ch","robots":{"index":"index","follow":"follow","max-snippet":"max-snippet:-1","max-image-preview":"max-image-preview:large","max-video-preview":"max-video-preview:-1"},"canonical":"https:\/\/mecon.ch\/it\/dichiarazione-della-privacy\/","og_locale":"it_IT","og_type":"article","og_title":"Dichiarazione privacy","og_description":"Dichiarazione privacy MECON Identit\u00e0 e indirizzo del responsabile MECON measure &amp; consult GmbHBadenerstrasse 2818003 ZurigoSvizzera E-mail: contact@mecon.chNo. di telefono: 044 450 40 60 1. Informazioni generali sul trattamento dei dati 1.1.\u00a0Informazioni generali e definizione dei termini Quando si contatta MECON measure &amp; Consult GmbH (di seguito &#8220;MECON&#8221;, &#8220;noi&#8221; o &#8220;ci&#8221;), vengono talvolta elaborati &#8220;dati personali&#8221; [&hellip;]","og_url":"https:\/\/mecon.ch\/it\/dichiarazione-della-privacy\/","og_site_name":"mecon.ch","article_modified_time":"2024-09-16T13:27:03+00:00","twitter_card":"summary_large_image","twitter_misc":{"Tempo di lettura stimato":"4 minuti"},"schema":{"@context":"https:\/\/schema.org","@graph":[{"@type":"WebPage","@id":"https:\/\/mecon.ch\/it\/dichiarazione-della-privacy\/","url":"https:\/\/mecon.ch\/it\/dichiarazione-della-privacy\/","name":"Dichiarazione privacy - mecon.ch","isPartOf":{"@id":"https:\/\/mecon.ch\/it\/#website"},"datePublished":"2024-09-16T09:19:18+00:00","dateModified":"2024-09-16T13:27:03+00:00","breadcrumb":{"@id":"https:\/\/mecon.ch\/it\/dichiarazione-della-privacy\/#breadcrumb"},"inLanguage":"it-IT","potentialAction":[{"@type":"ReadAction","target":["https:\/\/mecon.ch\/it\/dichiarazione-della-privacy\/"]}]},{"@type":"BreadcrumbList","@id":"https:\/\/mecon.ch\/it\/dichiarazione-della-privacy\/#breadcrumb","itemListElement":[{"@type":"ListItem","position":1,"name":"Startseite","item":"https:\/\/mecon.ch\/it\/casa\/"},{"@type":"ListItem","position":2,"name":"Dichiarazione privacy"}]},{"@type":"WebSite","@id":"https:\/\/mecon.ch\/it\/#website","url":"https:\/\/mecon.ch\/it\/","name":"mecon.ch","description":"MECON measure &amp; consult GmbH","publisher":{"@id":"https:\/\/mecon.ch\/it\/#organization"},"potentialAction":[{"@type":"SearchAction","target":{"@type":"EntryPoint","urlTemplate":"https:\/\/mecon.ch\/it\/?s={search_term_string}"},"query-input":{"@type":"PropertyValueSpecification","valueRequired":true,"valueName":"search_term_string"}}],"inLanguage":"it-IT"},{"@type":"Organization","@id":"https:\/\/mecon.ch\/it\/#organization","name":"MECON measure & consult GmbH","url":"https:\/\/mecon.ch\/it\/","logo":{"@type":"ImageObject","inLanguage":"it-IT","@id":"https:\/\/mecon.ch\/it\/#\/schema\/logo\/image\/","url":"https:\/\/mecon.ch\/wp-content\/uploads\/2022\/06\/logo_mecon-1-1.png","contentUrl":"https:\/\/mecon.ch\/wp-content\/uploads\/2022\/06\/logo_mecon-1-1.png","width":150,"height":22,"caption":"MECON measure & consult GmbH"},"image":{"@id":"https:\/\/mecon.ch\/it\/#\/schema\/logo\/image\/"}}]}},"_links":{"self":[{"href":"https:\/\/mecon.ch\/it\/wp-json\/wp\/v2\/pages\/8113","targetHints":{"allow":["GET"]}}],"collection":[{"href":"https:\/\/mecon.ch\/it\/wp-json\/wp\/v2\/pages"}],"about":[{"href":"https:\/\/mecon.ch\/it\/wp-json\/wp\/v2\/types\/page"}],"author":[{"embeddable":true,"href":"https:\/\/mecon.ch\/it\/wp-json\/wp\/v2\/users\/4"}],"replies":[{"embeddable":true,"href":"https:\/\/mecon.ch\/it\/wp-json\/wp\/v2\/comments?post=8113"}],"version-history":[{"count":71,"href":"https:\/\/mecon.ch\/it\/wp-json\/wp\/v2\/pages\/8113\/revisions"}],"predecessor-version":[{"id":8231,"href":"https:\/\/mecon.ch\/it\/wp-json\/wp\/v2\/pages\/8113\/revisions\/8231"}],"wp:attachment":[{"href":"https:\/\/mecon.ch\/it\/wp-json\/wp\/v2\/media?parent=8113"}],"curies":[{"name":"wp","href":"https:\/\/api.w.org\/{rel}","templated":true}]}}