{"id":3456,"date":"2021-12-08T09:24:11","date_gmt":"2021-12-08T08:24:11","guid":{"rendered":"https:\/\/mecon.ch\/case-di-riposo-e-di-cura\/"},"modified":"2025-05-27T08:30:07","modified_gmt":"2025-05-27T06:30:07","slug":"case-di-riposo-e-di-cura","status":"publish","type":"page","link":"https:\/\/mecon.ch\/it\/case-di-riposo-e-di-cura\/","title":{"rendered":"Case di riposo e di cura"},"content":{"rendered":"\t\t<div data-elementor-type=\"wp-page\" data-elementor-id=\"3456\" class=\"elementor elementor-3456 elementor-59\" data-elementor-post-type=\"page\">\n\t\t\t\t\t\t<section class=\"elementor-section elementor-top-section elementor-element elementor-element-70105e4 elementor-section-height-min-height elementor-section-boxed elementor-section-height-default elementor-section-items-middle\" data-id=\"70105e4\" data-element_type=\"section\" data-settings=\"{&quot;jet_parallax_layout_list&quot;:[{&quot;jet_parallax_layout_image&quot;:{&quot;url&quot;:&quot;&quot;,&quot;id&quot;:&quot;&quot;,&quot;size&quot;:&quot;&quot;},&quot;_id&quot;:&quot;c07c64d&quot;,&quot;jet_parallax_layout_image_tablet_extra&quot;:{&quot;url&quot;:&quot;&quot;,&quot;id&quot;:&quot;&quot;,&quot;size&quot;:&quot;&quot;},&quot;jet_parallax_layout_image_tablet&quot;:{&quot;url&quot;:&quot;&quot;,&quot;id&quot;:&quot;&quot;,&quot;size&quot;:&quot;&quot;},&quot;jet_parallax_layout_image_mobile&quot;:{&quot;url&quot;:&quot;&quot;,&quot;id&quot;:&quot;&quot;,&quot;size&quot;:&quot;&quot;},&quot;jet_parallax_layout_speed&quot;:{&quot;unit&quot;:&quot;%&quot;,&quot;size&quot;:50,&quot;sizes&quot;:[]},&quot;jet_parallax_layout_type&quot;:&quot;scroll&quot;,&quot;jet_parallax_layout_direction&quot;:null,&quot;jet_parallax_layout_fx_direction&quot;:null,&quot;jet_parallax_layout_z_index&quot;:&quot;&quot;,&quot;jet_parallax_layout_bg_x&quot;:50,&quot;jet_parallax_layout_bg_x_tablet_extra&quot;:&quot;&quot;,&quot;jet_parallax_layout_bg_x_tablet&quot;:&quot;&quot;,&quot;jet_parallax_layout_bg_x_mobile&quot;:&quot;&quot;,&quot;jet_parallax_layout_bg_y&quot;:50,&quot;jet_parallax_layout_bg_y_tablet_extra&quot;:&quot;&quot;,&quot;jet_parallax_layout_bg_y_tablet&quot;:&quot;&quot;,&quot;jet_parallax_layout_bg_y_mobile&quot;:&quot;&quot;,&quot;jet_parallax_layout_bg_size&quot;:&quot;auto&quot;,&quot;jet_parallax_layout_bg_size_tablet_extra&quot;:&quot;&quot;,&quot;jet_parallax_layout_bg_size_tablet&quot;:&quot;&quot;,&quot;jet_parallax_layout_bg_size_mobile&quot;:&quot;&quot;,&quot;jet_parallax_layout_animation_prop&quot;:&quot;transform&quot;,&quot;jet_parallax_layout_on&quot;:[&quot;desktop&quot;,&quot;tablet&quot;]}],&quot;background_background&quot;:&quot;classic&quot;}\">\n\t\t\t\t\t\t<div class=\"elementor-container elementor-column-gap-default\">\n\t\t\t\t\t<div class=\"elementor-column elementor-col-100 elementor-top-column elementor-element elementor-element-7f6d55e\" data-id=\"7f6d55e\" data-element_type=\"column\" data-settings=\"{&quot;background_background&quot;:&quot;classic&quot;}\">\n\t\t\t<div class=\"elementor-widget-wrap elementor-element-populated\">\n\t\t\t\t\t\t<div class=\"elementor-element elementor-element-2d7ceff elementor-invisible elementor-widget elementor-widget-heading\" data-id=\"2d7ceff\" data-element_type=\"widget\" data-settings=\"{&quot;_animation&quot;:&quot;fadeInUp&quot;}\" data-widget_type=\"heading.default\">\n\t\t\t\t<div class=\"elementor-widget-container\">\n\t\t\t\t\t<h1 class=\"elementor-heading-title elementor-size-default\">Case di riposo e di cura<\/h1>\t\t\t\t<\/div>\n\t\t\t\t<\/div>\n\t\t\t\t\t<\/div>\n\t\t<\/div>\n\t\t\t\t\t<\/div>\n\t\t<\/section>\n\t\t\t\t<section class=\"elementor-section elementor-top-section elementor-element elementor-element-704ee3d elementor-section-boxed elementor-section-height-default elementor-section-height-default elementor-invisible\" data-id=\"704ee3d\" data-element_type=\"section\" data-settings=\"{&quot;jet_parallax_layout_list&quot;:[{&quot;jet_parallax_layout_image&quot;:{&quot;url&quot;:&quot;&quot;,&quot;id&quot;:&quot;&quot;,&quot;size&quot;:&quot;&quot;},&quot;_id&quot;:&quot;8fdafc9&quot;,&quot;jet_parallax_layout_image_tablet_extra&quot;:{&quot;url&quot;:&quot;&quot;,&quot;id&quot;:&quot;&quot;,&quot;size&quot;:&quot;&quot;},&quot;jet_parallax_layout_image_tablet&quot;:{&quot;url&quot;:&quot;&quot;,&quot;id&quot;:&quot;&quot;,&quot;size&quot;:&quot;&quot;},&quot;jet_parallax_layout_image_mobile&quot;:{&quot;url&quot;:&quot;&quot;,&quot;id&quot;:&quot;&quot;,&quot;size&quot;:&quot;&quot;},&quot;jet_parallax_layout_speed&quot;:{&quot;unit&quot;:&quot;%&quot;,&quot;size&quot;:50,&quot;sizes&quot;:[]},&quot;jet_parallax_layout_type&quot;:&quot;scroll&quot;,&quot;jet_parallax_layout_direction&quot;:null,&quot;jet_parallax_layout_fx_direction&quot;:null,&quot;jet_parallax_layout_z_index&quot;:&quot;&quot;,&quot;jet_parallax_layout_bg_x&quot;:50,&quot;jet_parallax_layout_bg_x_tablet_extra&quot;:&quot;&quot;,&quot;jet_parallax_layout_bg_x_tablet&quot;:&quot;&quot;,&quot;jet_parallax_layout_bg_x_mobile&quot;:&quot;&quot;,&quot;jet_parallax_layout_bg_y&quot;:50,&quot;jet_parallax_layout_bg_y_tablet_extra&quot;:&quot;&quot;,&quot;jet_parallax_layout_bg_y_tablet&quot;:&quot;&quot;,&quot;jet_parallax_layout_bg_y_mobile&quot;:&quot;&quot;,&quot;jet_parallax_layout_bg_size&quot;:&quot;auto&quot;,&quot;jet_parallax_layout_bg_size_tablet_extra&quot;:&quot;&quot;,&quot;jet_parallax_layout_bg_size_tablet&quot;:&quot;&quot;,&quot;jet_parallax_layout_bg_size_mobile&quot;:&quot;&quot;,&quot;jet_parallax_layout_animation_prop&quot;:&quot;transform&quot;,&quot;jet_parallax_layout_on&quot;:[&quot;desktop&quot;,&quot;tablet&quot;]}],&quot;animation&quot;:&quot;fadeIn&quot;}\">\n\t\t\t\t\t\t<div class=\"elementor-container elementor-column-gap-default\">\n\t\t\t\t\t<div class=\"elementor-column elementor-col-50 elementor-top-column elementor-element elementor-element-8c5c355\" data-id=\"8c5c355\" data-element_type=\"column\">\n\t\t\t<div class=\"elementor-widget-wrap elementor-element-populated\">\n\t\t\t\t\t\t<div class=\"elementor-element elementor-element-f9ac8b1 elementor-widget elementor-widget-text-editor\" data-id=\"f9ac8b1\" data-element_type=\"widget\" data-widget_type=\"text-editor.default\">\n\t\t\t\t<div class=\"elementor-widget-container\">\n\t\t\t\t\t\t\t\t\t<p><strong>Le misurazioni della soddisfazione di residenti e parenti e il sondaggio MECON sul personale mostrano in modo semplice e affidabile quali sono i punti di forza e il potenziale di miglioramento della vostra casa di riposo.<\/strong><\/p><p>La soddisfazione dei residenti \u00e8 fondamentale per una casa di riposo o di cura. Con i nostri sistemi di misurazione, riceverete dai vostri residenti e dai loro parenti preziose valutazioni sulle prestazioni della vostra casa di riposo. Dipendenti soddisfatti e motivati costituiscono la base del successo della vostra casa. Per garantire ci\u00f2, \u00e8 importante rispondere alle esigenze e ai desideri dei dipendenti. Anche l&#8217;elevato turnover del personale \u00e8 un fattore di costo significativo.<\/p><p>Il sistema di misurazione MECON per le case di riposo e di cura consiste in tre diverse indagini, che possono essere utilizzate singolarmente o in qualsiasi combinazione:<\/p><ul><li>Il <strong>questionario per i residenti<\/strong> affronta tutte le aree pi\u00f9 importanti della vita nella casa di riposo. Il suo design chiaro e semplice facilita la compilazione del questionario da parte dei residenti.<\/li><li>Per molti residenti, un sondaggio sarebbe comunque troppo faticoso o difficile. Il <strong>questionario per i familiari<\/strong> offre un modo alternativo per far valutare i servizi della casa di cura.<\/li><li>L&#8217;<strong>indagine sui dipendenti<\/strong> copre tutte le aree importanti per i dipendenti.<\/li><\/ul><p> <\/p><p>Il sondaggio MECON consente ai vostri residenti, ai loro parenti e al vostro personale di esprimersi in modo anonimo e quindi libero. Un grande vantaggio di questa implementazione esterna \u00e8 la possibilit\u00e0 di confrontare i propri risultati con quelli di altre case. Il benchmarking con le altre case di riposo fornisce un quadro significativo dei punti di forza e del potenziale di miglioramento della casa.<\/p>\t\t\t\t\t\t\t\t<\/div>\n\t\t\t\t<\/div>\n\t\t\t\t\t<\/div>\n\t\t<\/div>\n\t\t\t\t<div class=\"elementor-column elementor-col-50 elementor-top-column elementor-element elementor-element-bdba0eb\" data-id=\"bdba0eb\" data-element_type=\"column\" data-settings=\"{&quot;background_background&quot;:&quot;slideshow&quot;,&quot;background_slideshow_gallery&quot;:[{&quot;id&quot;:1284,&quot;url&quot;:&quot;https:\\\/\\\/mecon.ch\\\/wp-content\\\/uploads\\\/2021\\\/12\\\/iStock-1293388093-1536x1024-1.jpg&quot;},{&quot;id&quot;:1283,&quot;url&quot;:&quot;https:\\\/\\\/mecon.ch\\\/wp-content\\\/uploads\\\/2021\\\/12\\\/iStock-628504820-1.jpg&quot;}],&quot;background_slideshow_slide_duration&quot;:6000,&quot;background_slideshow_transition_duration&quot;:1500,&quot;background_slideshow_ken_burns&quot;:&quot;yes&quot;,&quot;background_slideshow_loop&quot;:&quot;yes&quot;,&quot;background_slideshow_slide_transition&quot;:&quot;fade&quot;,&quot;background_slideshow_ken_burns_zoom_direction&quot;:&quot;in&quot;}\">\n\t\t\t<div class=\"elementor-widget-wrap elementor-element-populated\">\n\t\t\t\t\t\t<section class=\"elementor-section elementor-inner-section elementor-element elementor-element-1e2439b elementor-section-boxed elementor-section-height-default elementor-section-height-default\" data-id=\"1e2439b\" data-element_type=\"section\" data-settings=\"{&quot;jet_parallax_layout_list&quot;:[{&quot;jet_parallax_layout_image&quot;:{&quot;url&quot;:&quot;&quot;,&quot;id&quot;:&quot;&quot;,&quot;size&quot;:&quot;&quot;},&quot;_id&quot;:&quot;1b801ce&quot;,&quot;jet_parallax_layout_image_tablet_extra&quot;:{&quot;url&quot;:&quot;&quot;,&quot;id&quot;:&quot;&quot;,&quot;size&quot;:&quot;&quot;},&quot;jet_parallax_layout_image_tablet&quot;:{&quot;url&quot;:&quot;&quot;,&quot;id&quot;:&quot;&quot;,&quot;size&quot;:&quot;&quot;},&quot;jet_parallax_layout_image_mobile&quot;:{&quot;url&quot;:&quot;&quot;,&quot;id&quot;:&quot;&quot;,&quot;size&quot;:&quot;&quot;},&quot;jet_parallax_layout_speed&quot;:{&quot;unit&quot;:&quot;%&quot;,&quot;size&quot;:50,&quot;sizes&quot;:[]},&quot;jet_parallax_layout_type&quot;:&quot;scroll&quot;,&quot;jet_parallax_layout_direction&quot;:null,&quot;jet_parallax_layout_fx_direction&quot;:null,&quot;jet_parallax_layout_z_index&quot;:&quot;&quot;,&quot;jet_parallax_layout_bg_x&quot;:50,&quot;jet_parallax_layout_bg_x_tablet_extra&quot;:&quot;&quot;,&quot;jet_parallax_layout_bg_x_tablet&quot;:&quot;&quot;,&quot;jet_parallax_layout_bg_x_mobile&quot;:&quot;&quot;,&quot;jet_parallax_layout_bg_y&quot;:50,&quot;jet_parallax_layout_bg_y_tablet_extra&quot;:&quot;&quot;,&quot;jet_parallax_layout_bg_y_tablet&quot;:&quot;&quot;,&quot;jet_parallax_layout_bg_y_mobile&quot;:&quot;&quot;,&quot;jet_parallax_layout_bg_size&quot;:&quot;auto&quot;,&quot;jet_parallax_layout_bg_size_tablet_extra&quot;:&quot;&quot;,&quot;jet_parallax_layout_bg_size_tablet&quot;:&quot;&quot;,&quot;jet_parallax_layout_bg_size_mobile&quot;:&quot;&quot;,&quot;jet_parallax_layout_animation_prop&quot;:&quot;transform&quot;,&quot;jet_parallax_layout_on&quot;:[&quot;desktop&quot;,&quot;tablet&quot;]}],&quot;background_background&quot;:&quot;classic&quot;}\">\n\t\t\t\t\t\t<div class=\"elementor-container elementor-column-gap-default\">\n\t\t\t\t\t<div class=\"elementor-column elementor-col-100 elementor-inner-column elementor-element elementor-element-dd61e0f\" data-id=\"dd61e0f\" data-element_type=\"column\" data-settings=\"{&quot;background_background&quot;:&quot;classic&quot;}\">\n\t\t\t<div class=\"elementor-widget-wrap elementor-element-populated\">\n\t\t\t\t\t\t<div class=\"elementor-element elementor-element-72ed00e elementor-widget elementor-widget-text-editor\" data-id=\"72ed00e\" data-element_type=\"widget\" data-widget_type=\"text-editor.default\">\n\t\t\t\t<div class=\"elementor-widget-container\">\n\t\t\t\t\t\t\t\t\t<p>Pi\u00f9 di 100 case di riposo e di cura hanno gi\u00e0 condotto queste indagini con MECON.<\/p><p>Ulteriori informazione:<\/p><p>&#8211; <a href=\"https:\/\/mecon.ch\/it\/case-di-riposo-e-di-cura-sondaggio-residenti\/\" target=\"_blank\" rel=\"noopener\">Sondaggio tra i residenti<\/a><br \/>&#8211; <a href=\"https:\/\/mecon.ch\/it\/case-di-riposo-e-di-cura-sondaggio-parenti\/\" target=\"_blank\" rel=\"noopener\">Sondaggio tra i parenti<\/a><br \/>&#8211; <a href=\"https:\/\/mecon.ch\/it\/case-di-riposo-e-di-cura-sondaggio-collaboratori\/\" target=\"_blank\" rel=\"noopener\">Sondaggio tra i collaboratori<\/a><\/p><p><span style=\"color: var( --e-global-color-text );\"><br \/>Desidera ulteriore documentazione?<\/span><\/p>\t\t\t\t\t\t\t\t<\/div>\n\t\t\t\t<\/div>\n\t\t\t\t<div class=\"elementor-element elementor-element-96c4c47 elementor-align-left elementor-widget elementor-widget-button\" data-id=\"96c4c47\" data-element_type=\"widget\" data-widget_type=\"button.default\">\n\t\t\t\t<div class=\"elementor-widget-container\">\n\t\t\t\t\t\t\t\t\t<div class=\"elementor-button-wrapper\">\n\t\t\t\t\t<a class=\"elementor-button elementor-button-link elementor-size-lg\" href=\"https:\/\/mecon.ch\/it\/documenti\" target=\"_blank\">\n\t\t\t\t\t\t<span class=\"elementor-button-content-wrapper\">\n\t\t\t\t\t\t\t\t\t<span class=\"elementor-button-text\">Richiesta documentazione<\/span>\n\t\t\t\t\t<\/span>\n\t\t\t\t\t<\/a>\n\t\t\t\t<\/div>\n\t\t\t\t\t\t\t\t<\/div>\n\t\t\t\t<\/div>\n\t\t\t\t<div class=\"elementor-element elementor-element-8e379ad elementor-widget elementor-widget-text-editor\" data-id=\"8e379ad\" data-element_type=\"widget\" data-widget_type=\"text-editor.default\">\n\t\t\t\t<div class=\"elementor-widget-container\">\n\t\t\t\t\t\t\t\t\t<p>Se avete domande, siamo sempre felici di aiutarvi.<br \/><a title=\"Contatto\" href=\"https:\/\/www.mecon.ch\/it\/contatto\" target=\"_blank\" rel=\"noopener\">Contattateci<\/a><\/p>\t\t\t\t\t\t\t\t<\/div>\n\t\t\t\t<\/div>\n\t\t\t\t\t<\/div>\n\t\t<\/div>\n\t\t\t\t\t<\/div>\n\t\t<\/section>\n\t\t\t\t\t<\/div>\n\t\t<\/div>\n\t\t\t\t\t<\/div>\n\t\t<\/section>\n\t\t\t\t<\/div>\n\t\t","protected":false},"excerpt":{"rendered":"<p>Case di riposo e di cura Le misurazioni della soddisfazione di residenti e parenti e il sondaggio MECON sul personale mostrano in modo semplice e affidabile quali sono i punti di forza e il potenziale di miglioramento della vostra casa di riposo. La soddisfazione dei residenti \u00e8 fondamentale per una casa di riposo o di [&hellip;]<\/p>\n","protected":false},"author":1,"featured_media":0,"parent":0,"menu_order":0,"comment_status":"closed","ping_status":"closed","template":"","meta":{"_acf_changed":false,"footnotes":""},"class_list":["post-3456","page","type-page","status-publish","hentry"],"acf":[],"yoast_head":"<!-- This site is optimized with the Yoast SEO Premium plugin v20.8 (Yoast SEO v26.0) - https:\/\/yoast.com\/wordpress\/plugins\/seo\/ -->\n<title>Case di riposo e di cura - mecon.ch<\/title>\n<meta name=\"robots\" content=\"index, follow, max-snippet:-1, max-image-preview:large, max-video-preview:-1\" \/>\n<link rel=\"canonical\" href=\"https:\/\/mecon.ch\/it\/case-di-riposo-e-di-cura\/\" \/>\n<meta property=\"og:locale\" content=\"it_IT\" \/>\n<meta property=\"og:type\" content=\"article\" \/>\n<meta property=\"og:title\" content=\"Case di riposo e di cura\" \/>\n<meta property=\"og:description\" content=\"Case di riposo e di cura Le misurazioni della soddisfazione di residenti e parenti e il sondaggio MECON sul personale mostrano in modo semplice e affidabile quali sono i punti di forza e il potenziale di miglioramento della vostra casa di riposo. La soddisfazione dei residenti \u00e8 fondamentale per una casa di riposo o di [&hellip;]\" \/>\n<meta property=\"og:url\" content=\"https:\/\/mecon.ch\/it\/case-di-riposo-e-di-cura\/\" \/>\n<meta property=\"og:site_name\" content=\"mecon.ch\" \/>\n<meta property=\"article:modified_time\" content=\"2025-05-27T06:30:07+00:00\" \/>\n<meta name=\"twitter:card\" content=\"summary_large_image\" \/>\n<meta name=\"twitter:label1\" content=\"Tempo di lettura stimato\" \/>\n\t<meta name=\"twitter:data1\" content=\"2 minuti\" \/>\n<script type=\"application\/ld+json\" class=\"yoast-schema-graph\">{\"@context\":\"https:\/\/schema.org\",\"@graph\":[{\"@type\":\"WebPage\",\"@id\":\"https:\/\/mecon.ch\/it\/case-di-riposo-e-di-cura\/\",\"url\":\"https:\/\/mecon.ch\/it\/case-di-riposo-e-di-cura\/\",\"name\":\"Case di riposo e di cura - mecon.ch\",\"isPartOf\":{\"@id\":\"https:\/\/mecon.ch\/it\/#website\"},\"datePublished\":\"2021-12-08T08:24:11+00:00\",\"dateModified\":\"2025-05-27T06:30:07+00:00\",\"breadcrumb\":{\"@id\":\"https:\/\/mecon.ch\/it\/case-di-riposo-e-di-cura\/#breadcrumb\"},\"inLanguage\":\"it-IT\",\"potentialAction\":[{\"@type\":\"ReadAction\",\"target\":[\"https:\/\/mecon.ch\/it\/case-di-riposo-e-di-cura\/\"]}]},{\"@type\":\"BreadcrumbList\",\"@id\":\"https:\/\/mecon.ch\/it\/case-di-riposo-e-di-cura\/#breadcrumb\",\"itemListElement\":[{\"@type\":\"ListItem\",\"position\":1,\"name\":\"Startseite\",\"item\":\"https:\/\/mecon.ch\/it\/casa\/\"},{\"@type\":\"ListItem\",\"position\":2,\"name\":\"Case di riposo e di cura\"}]},{\"@type\":\"WebSite\",\"@id\":\"https:\/\/mecon.ch\/it\/#website\",\"url\":\"https:\/\/mecon.ch\/it\/\",\"name\":\"mecon.ch\",\"description\":\"MECON measure &amp; consult GmbH\",\"publisher\":{\"@id\":\"https:\/\/mecon.ch\/it\/#organization\"},\"potentialAction\":[{\"@type\":\"SearchAction\",\"target\":{\"@type\":\"EntryPoint\",\"urlTemplate\":\"https:\/\/mecon.ch\/it\/?s={search_term_string}\"},\"query-input\":{\"@type\":\"PropertyValueSpecification\",\"valueRequired\":true,\"valueName\":\"search_term_string\"}}],\"inLanguage\":\"it-IT\"},{\"@type\":\"Organization\",\"@id\":\"https:\/\/mecon.ch\/it\/#organization\",\"name\":\"MECON measure & consult GmbH\",\"url\":\"https:\/\/mecon.ch\/it\/\",\"logo\":{\"@type\":\"ImageObject\",\"inLanguage\":\"it-IT\",\"@id\":\"https:\/\/mecon.ch\/it\/#\/schema\/logo\/image\/\",\"url\":\"https:\/\/mecon.ch\/wp-content\/uploads\/2022\/06\/logo_mecon-1-1.png\",\"contentUrl\":\"https:\/\/mecon.ch\/wp-content\/uploads\/2022\/06\/logo_mecon-1-1.png\",\"width\":150,\"height\":22,\"caption\":\"MECON measure & consult GmbH\"},\"image\":{\"@id\":\"https:\/\/mecon.ch\/it\/#\/schema\/logo\/image\/\"}}]}<\/script>\n<!-- \/ Yoast SEO Premium plugin. -->","yoast_head_json":{"title":"Case di riposo e di cura - mecon.ch","robots":{"index":"index","follow":"follow","max-snippet":"max-snippet:-1","max-image-preview":"max-image-preview:large","max-video-preview":"max-video-preview:-1"},"canonical":"https:\/\/mecon.ch\/it\/case-di-riposo-e-di-cura\/","og_locale":"it_IT","og_type":"article","og_title":"Case di riposo e di cura","og_description":"Case di riposo e di cura Le misurazioni della soddisfazione di residenti e parenti e il sondaggio MECON sul personale mostrano in modo semplice e affidabile quali sono i punti di forza e il potenziale di miglioramento della vostra casa di riposo. La soddisfazione dei residenti \u00e8 fondamentale per una casa di riposo o di [&hellip;]","og_url":"https:\/\/mecon.ch\/it\/case-di-riposo-e-di-cura\/","og_site_name":"mecon.ch","article_modified_time":"2025-05-27T06:30:07+00:00","twitter_card":"summary_large_image","twitter_misc":{"Tempo di lettura stimato":"2 minuti"},"schema":{"@context":"https:\/\/schema.org","@graph":[{"@type":"WebPage","@id":"https:\/\/mecon.ch\/it\/case-di-riposo-e-di-cura\/","url":"https:\/\/mecon.ch\/it\/case-di-riposo-e-di-cura\/","name":"Case di riposo e di cura - mecon.ch","isPartOf":{"@id":"https:\/\/mecon.ch\/it\/#website"},"datePublished":"2021-12-08T08:24:11+00:00","dateModified":"2025-05-27T06:30:07+00:00","breadcrumb":{"@id":"https:\/\/mecon.ch\/it\/case-di-riposo-e-di-cura\/#breadcrumb"},"inLanguage":"it-IT","potentialAction":[{"@type":"ReadAction","target":["https:\/\/mecon.ch\/it\/case-di-riposo-e-di-cura\/"]}]},{"@type":"BreadcrumbList","@id":"https:\/\/mecon.ch\/it\/case-di-riposo-e-di-cura\/#breadcrumb","itemListElement":[{"@type":"ListItem","position":1,"name":"Startseite","item":"https:\/\/mecon.ch\/it\/casa\/"},{"@type":"ListItem","position":2,"name":"Case di riposo e di cura"}]},{"@type":"WebSite","@id":"https:\/\/mecon.ch\/it\/#website","url":"https:\/\/mecon.ch\/it\/","name":"mecon.ch","description":"MECON measure &amp; consult GmbH","publisher":{"@id":"https:\/\/mecon.ch\/it\/#organization"},"potentialAction":[{"@type":"SearchAction","target":{"@type":"EntryPoint","urlTemplate":"https:\/\/mecon.ch\/it\/?s={search_term_string}"},"query-input":{"@type":"PropertyValueSpecification","valueRequired":true,"valueName":"search_term_string"}}],"inLanguage":"it-IT"},{"@type":"Organization","@id":"https:\/\/mecon.ch\/it\/#organization","name":"MECON measure & consult GmbH","url":"https:\/\/mecon.ch\/it\/","logo":{"@type":"ImageObject","inLanguage":"it-IT","@id":"https:\/\/mecon.ch\/it\/#\/schema\/logo\/image\/","url":"https:\/\/mecon.ch\/wp-content\/uploads\/2022\/06\/logo_mecon-1-1.png","contentUrl":"https:\/\/mecon.ch\/wp-content\/uploads\/2022\/06\/logo_mecon-1-1.png","width":150,"height":22,"caption":"MECON measure & consult GmbH"},"image":{"@id":"https:\/\/mecon.ch\/it\/#\/schema\/logo\/image\/"}}]}},"_links":{"self":[{"href":"https:\/\/mecon.ch\/it\/wp-json\/wp\/v2\/pages\/3456","targetHints":{"allow":["GET"]}}],"collection":[{"href":"https:\/\/mecon.ch\/it\/wp-json\/wp\/v2\/pages"}],"about":[{"href":"https:\/\/mecon.ch\/it\/wp-json\/wp\/v2\/types\/page"}],"author":[{"embeddable":true,"href":"https:\/\/mecon.ch\/it\/wp-json\/wp\/v2\/users\/1"}],"replies":[{"embeddable":true,"href":"https:\/\/mecon.ch\/it\/wp-json\/wp\/v2\/comments?post=3456"}],"version-history":[{"count":19,"href":"https:\/\/mecon.ch\/it\/wp-json\/wp\/v2\/pages\/3456\/revisions"}],"predecessor-version":[{"id":8558,"href":"https:\/\/mecon.ch\/it\/wp-json\/wp\/v2\/pages\/3456\/revisions\/8558"}],"wp:attachment":[{"href":"https:\/\/mecon.ch\/it\/wp-json\/wp\/v2\/media?parent=3456"}],"curies":[{"name":"wp","href":"https:\/\/api.w.org\/{rel}","templated":true}]}}