{"id":9008,"date":"2025-10-20T18:10:28","date_gmt":"2025-10-20T16:10:28","guid":{"rendered":"https:\/\/mecon.ch\/sondage-sur-le-depart-des-employes\/"},"modified":"2025-11-18T12:23:20","modified_gmt":"2025-11-18T11:23:20","slug":"sondage-sur-le-depart-des-collaborateurs","status":"publish","type":"page","link":"https:\/\/mecon.ch\/fr\/sondage-sur-le-depart-des-collaborateurs\/","title":{"rendered":"Sondage sur le d\u00e9part des collaborateurs"},"content":{"rendered":"\t\t<div data-elementor-type=\"wp-page\" data-elementor-id=\"9008\" class=\"elementor elementor-9008 elementor-9000\" data-elementor-post-type=\"page\">\n\t\t\t\t\t\t<section class=\"elementor-section elementor-top-section elementor-element elementor-element-a0b5abc elementor-section-height-min-height elementor-section-boxed elementor-section-height-default elementor-section-items-middle\" data-id=\"a0b5abc\" data-element_type=\"section\" data-settings=\"{&quot;jet_parallax_layout_list&quot;:[{&quot;jet_parallax_layout_image&quot;:{&quot;url&quot;:&quot;&quot;,&quot;id&quot;:&quot;&quot;,&quot;size&quot;:&quot;&quot;},&quot;_id&quot;:&quot;c07c64d&quot;,&quot;jet_parallax_layout_image_tablet_extra&quot;:{&quot;url&quot;:&quot;&quot;,&quot;id&quot;:&quot;&quot;,&quot;size&quot;:&quot;&quot;},&quot;jet_parallax_layout_image_tablet&quot;:{&quot;url&quot;:&quot;&quot;,&quot;id&quot;:&quot;&quot;,&quot;size&quot;:&quot;&quot;},&quot;jet_parallax_layout_image_mobile&quot;:{&quot;url&quot;:&quot;&quot;,&quot;id&quot;:&quot;&quot;,&quot;size&quot;:&quot;&quot;},&quot;jet_parallax_layout_speed&quot;:{&quot;unit&quot;:&quot;%&quot;,&quot;size&quot;:50,&quot;sizes&quot;:[]},&quot;jet_parallax_layout_type&quot;:&quot;scroll&quot;,&quot;jet_parallax_layout_direction&quot;:null,&quot;jet_parallax_layout_fx_direction&quot;:null,&quot;jet_parallax_layout_z_index&quot;:&quot;&quot;,&quot;jet_parallax_layout_bg_x&quot;:50,&quot;jet_parallax_layout_bg_x_tablet_extra&quot;:&quot;&quot;,&quot;jet_parallax_layout_bg_x_tablet&quot;:&quot;&quot;,&quot;jet_parallax_layout_bg_x_mobile&quot;:&quot;&quot;,&quot;jet_parallax_layout_bg_y&quot;:50,&quot;jet_parallax_layout_bg_y_tablet_extra&quot;:&quot;&quot;,&quot;jet_parallax_layout_bg_y_tablet&quot;:&quot;&quot;,&quot;jet_parallax_layout_bg_y_mobile&quot;:&quot;&quot;,&quot;jet_parallax_layout_bg_size&quot;:&quot;auto&quot;,&quot;jet_parallax_layout_bg_size_tablet_extra&quot;:&quot;&quot;,&quot;jet_parallax_layout_bg_size_tablet&quot;:&quot;&quot;,&quot;jet_parallax_layout_bg_size_mobile&quot;:&quot;&quot;,&quot;jet_parallax_layout_animation_prop&quot;:&quot;transform&quot;,&quot;jet_parallax_layout_on&quot;:[&quot;desktop&quot;,&quot;tablet&quot;]}],&quot;background_background&quot;:&quot;classic&quot;}\">\n\t\t\t\t\t\t<div class=\"elementor-container elementor-column-gap-default\">\n\t\t\t\t\t<div class=\"elementor-column elementor-col-100 elementor-top-column elementor-element elementor-element-f4c29fa\" data-id=\"f4c29fa\" data-element_type=\"column\" data-settings=\"{&quot;background_background&quot;:&quot;classic&quot;}\">\n\t\t\t<div class=\"elementor-widget-wrap elementor-element-populated\">\n\t\t\t\t\t\t<div class=\"elementor-element elementor-element-72eba91 elementor-invisible elementor-widget elementor-widget-heading\" data-id=\"72eba91\" data-element_type=\"widget\" data-settings=\"{&quot;_animation&quot;:&quot;fadeInUp&quot;}\" data-widget_type=\"heading.default\">\n\t\t\t\t<div class=\"elementor-widget-container\">\n\t\t\t\t\t<h1 class=\"elementor-heading-title elementor-size-default\">Sondage sur le d\u00e9part des collaborateurs<\/h1>\t\t\t\t<\/div>\n\t\t\t\t<\/div>\n\t\t\t\t<div class=\"elementor-element elementor-element-169568b elementor-headline--style-rotate elementor-widget elementor-widget-animated-headline\" data-id=\"169568b\" data-element_type=\"widget\" data-settings=\"{&quot;headline_style&quot;:&quot;rotate&quot;,&quot;animation_type&quot;:&quot;blinds&quot;,&quot;rotating_text&quot;:&quot;Centrale pour une politique du personnel durable\\nD\\u00e9montrer et comprendre les motifs de d\\u00e9part\\nFournir une base factuelle pour des strat\\u00e9gies de ressources humaines cibl\\u00e9es\\nD\\u00e9montrer les crit\\u00e8res pour \\u00e9viter les futurs licenciements\\n&quot;,&quot;loop&quot;:&quot;yes&quot;,&quot;rotate_iteration_delay&quot;:2500}\" data-widget_type=\"animated-headline.default\">\n\t\t\t\t<div class=\"elementor-widget-container\">\n\t\t\t\t\t\t\t<h3 class=\"elementor-headline elementor-headline-animation-type-blinds elementor-headline-letters\">\n\t\t\t\t<span class=\"elementor-headline-dynamic-wrapper elementor-headline-text-wrapper\">\n\t\t\t\t\t<span class=\"elementor-headline-dynamic-text elementor-headline-text-active\">\n\t\t\t\tCentrale&nbsp;pour&nbsp;une&nbsp;politique&nbsp;du&nbsp;personnel&nbsp;durable\t\t\t<\/span>\n\t\t\t\t\t<span class=\"elementor-headline-dynamic-text\">\n\t\t\t\tD\u00e9montrer&nbsp;et&nbsp;comprendre&nbsp;les&nbsp;motifs&nbsp;de&nbsp;d\u00e9part\t\t\t<\/span>\n\t\t\t\t\t<span class=\"elementor-headline-dynamic-text\">\n\t\t\t\tFournir&nbsp;une&nbsp;base&nbsp;factuelle&nbsp;pour&nbsp;des&nbsp;strat\u00e9gies&nbsp;de&nbsp;ressources&nbsp;humaines&nbsp;cibl\u00e9es\t\t\t<\/span>\n\t\t\t\t\t<span class=\"elementor-headline-dynamic-text\">\n\t\t\t\tD\u00e9montrer&nbsp;les&nbsp;crit\u00e8res&nbsp;pour&nbsp;\u00e9viter&nbsp;les&nbsp;futurs&nbsp;licenciements\t\t\t<\/span>\n\t\t\t\t\t<span class=\"elementor-headline-dynamic-text\">\n\t\t\t\t\t\t\t<\/span>\n\t\t\t\t\t\t<\/span>\n\t\t\t\t<\/h3>\n\t\t\t\t\t\t<\/div>\n\t\t\t\t<\/div>\n\t\t\t\t\t<\/div>\n\t\t<\/div>\n\t\t\t\t\t<\/div>\n\t\t<\/section>\n\t\t\t\t<section class=\"elementor-section elementor-top-section elementor-element elementor-element-0f63dfe elementor-section-boxed elementor-section-height-default elementor-section-height-default elementor-invisible\" data-id=\"0f63dfe\" data-element_type=\"section\" data-settings=\"{&quot;jet_parallax_layout_list&quot;:[{&quot;jet_parallax_layout_image&quot;:{&quot;url&quot;:&quot;&quot;,&quot;id&quot;:&quot;&quot;,&quot;size&quot;:&quot;&quot;},&quot;_id&quot;:&quot;8fdafc9&quot;,&quot;jet_parallax_layout_image_tablet_extra&quot;:{&quot;url&quot;:&quot;&quot;,&quot;id&quot;:&quot;&quot;,&quot;size&quot;:&quot;&quot;},&quot;jet_parallax_layout_image_tablet&quot;:{&quot;url&quot;:&quot;&quot;,&quot;id&quot;:&quot;&quot;,&quot;size&quot;:&quot;&quot;},&quot;jet_parallax_layout_image_mobile&quot;:{&quot;url&quot;:&quot;&quot;,&quot;id&quot;:&quot;&quot;,&quot;size&quot;:&quot;&quot;},&quot;jet_parallax_layout_speed&quot;:{&quot;unit&quot;:&quot;%&quot;,&quot;size&quot;:50,&quot;sizes&quot;:[]},&quot;jet_parallax_layout_type&quot;:&quot;scroll&quot;,&quot;jet_parallax_layout_direction&quot;:null,&quot;jet_parallax_layout_fx_direction&quot;:null,&quot;jet_parallax_layout_z_index&quot;:&quot;&quot;,&quot;jet_parallax_layout_bg_x&quot;:50,&quot;jet_parallax_layout_bg_x_tablet_extra&quot;:&quot;&quot;,&quot;jet_parallax_layout_bg_x_tablet&quot;:&quot;&quot;,&quot;jet_parallax_layout_bg_x_mobile&quot;:&quot;&quot;,&quot;jet_parallax_layout_bg_y&quot;:50,&quot;jet_parallax_layout_bg_y_tablet_extra&quot;:&quot;&quot;,&quot;jet_parallax_layout_bg_y_tablet&quot;:&quot;&quot;,&quot;jet_parallax_layout_bg_y_mobile&quot;:&quot;&quot;,&quot;jet_parallax_layout_bg_size&quot;:&quot;auto&quot;,&quot;jet_parallax_layout_bg_size_tablet_extra&quot;:&quot;&quot;,&quot;jet_parallax_layout_bg_size_tablet&quot;:&quot;&quot;,&quot;jet_parallax_layout_bg_size_mobile&quot;:&quot;&quot;,&quot;jet_parallax_layout_animation_prop&quot;:&quot;transform&quot;,&quot;jet_parallax_layout_on&quot;:[&quot;desktop&quot;,&quot;tablet&quot;]}],&quot;animation&quot;:&quot;fadeIn&quot;}\">\n\t\t\t\t\t\t<div class=\"elementor-container elementor-column-gap-default\">\n\t\t\t\t\t<div class=\"elementor-column elementor-col-50 elementor-top-column elementor-element elementor-element-89e16f6\" data-id=\"89e16f6\" data-element_type=\"column\">\n\t\t\t<div class=\"elementor-widget-wrap elementor-element-populated\">\n\t\t\t\t\t\t<div class=\"elementor-element elementor-element-0d7af8b elementor-widget elementor-widget-text-editor\" data-id=\"0d7af8b\" data-element_type=\"widget\" data-widget_type=\"text-editor.default\">\n\t\t\t\t<div class=\"elementor-widget-container\">\n\t\t\t\t\t\t\t\t\t<p><strong>La rotation du personnel a un co\u00fbt, financier et culturel.  <\/strong>Notre enqu\u00eate en ligne standardis\u00e9e a \u00e9t\u00e9 con\u00e7ue sp\u00e9cifiquement pour les collaborateurs qui quittent l&rsquo;entreprise. Elle est l&rsquo;occasion pour vous de mieux comprendre, de disposer d&rsquo;une base factuelle pour des strat\u00e9gies de ressources humaines cibl\u00e9es et ainsi de <strong>renforcer la fid\u00e9lisation de vos collaborateurs<\/strong>. <\/p><ul><li><strong style=\"background-color: transparent;\">Enqu\u00eate permanente aupr\u00e8s des collaborateurs qui quittent l&rsquo;entreprise<br><\/strong>Tous les collaborateurs qui quittent l&rsquo;entreprise sont interrog\u00e9s en ligne. Avec peu d&rsquo;efforts, vous obtenez des informations importantes pour la politique et le d\u00e9veloppement du personnel. <\/li><li><strong><strong>Anonyme et conforme \u00e0 la protection des donn\u00e9es<br><\/strong><\/strong>Les r\u00e9ponses sont collect\u00e9es et analys\u00e9es par MECON. L&rsquo;enqu\u00eate est anonyme, l&rsquo;h\u00f4pital n&rsquo;a pas acc\u00e8s aux donn\u00e9es collect\u00e9es. <\/li><li><strong><strong>Identifier les raisons du d\u00e9part<br><\/strong><\/strong>D\u00e9couvrez les v\u00e9ritables raisons du d\u00e9part des collaborateurs qualifi\u00e9s.<\/li><li><strong>Analyse des d\u00e9parts \u00e9vitables<br><\/strong>L&rsquo;analyse vous montre en outre les raisons des d\u00e9parts \u00e9vitables. Identifiez les crit\u00e8res permettant d&rsquo;\u00e9viter les futures d\u00e9missions. <\/li><li><strong>Augmenter la fid\u00e9lisation des collaborateurs de mani\u00e8re cibl\u00e9e<br><\/strong>Utilisez les r\u00e9sultats de l&rsquo;enqu\u00eate pour prendre des mesures efficaces bas\u00e9es sur des donn\u00e9es afin d&rsquo;augmenter l&rsquo;attractivit\u00e9 de votre employeur et de renforcer durablement la fid\u00e9lisation des collaborateurs dans votre entreprise.<\/li><\/ul>\t\t\t\t\t\t\t\t<\/div>\n\t\t\t\t<\/div>\n\t\t\t\t\t<\/div>\n\t\t<\/div>\n\t\t\t\t<div class=\"elementor-column elementor-col-50 elementor-top-column elementor-element elementor-element-878db4c\" data-id=\"878db4c\" data-element_type=\"column\" data-settings=\"{&quot;background_background&quot;:&quot;slideshow&quot;,&quot;background_slideshow_gallery&quot;:[{&quot;id&quot;:8998,&quot;url&quot;:&quot;https:\\\/\\\/mecon.ch\\\/wp-content\\\/uploads\\\/2025\\\/10\\\/MA-Austrittsbefragung1.png&quot;}],&quot;background_slideshow_slide_duration&quot;:6000,&quot;background_slideshow_transition_duration&quot;:1500,&quot;background_slideshow_slide_transition&quot;:&quot;fade&quot;}\">\n\t\t\t<div class=\"elementor-widget-wrap elementor-element-populated\">\n\t\t\t\t\t\t<section class=\"elementor-section elementor-inner-section elementor-element elementor-element-745e948 elementor-section-boxed elementor-section-height-default elementor-section-height-default\" data-id=\"745e948\" data-element_type=\"section\" data-settings=\"{&quot;jet_parallax_layout_list&quot;:[{&quot;jet_parallax_layout_image&quot;:{&quot;url&quot;:&quot;&quot;,&quot;id&quot;:&quot;&quot;,&quot;size&quot;:&quot;&quot;},&quot;_id&quot;:&quot;1b801ce&quot;,&quot;jet_parallax_layout_image_tablet_extra&quot;:{&quot;url&quot;:&quot;&quot;,&quot;id&quot;:&quot;&quot;,&quot;size&quot;:&quot;&quot;},&quot;jet_parallax_layout_image_tablet&quot;:{&quot;url&quot;:&quot;&quot;,&quot;id&quot;:&quot;&quot;,&quot;size&quot;:&quot;&quot;},&quot;jet_parallax_layout_image_mobile&quot;:{&quot;url&quot;:&quot;&quot;,&quot;id&quot;:&quot;&quot;,&quot;size&quot;:&quot;&quot;},&quot;jet_parallax_layout_speed&quot;:{&quot;unit&quot;:&quot;%&quot;,&quot;size&quot;:50,&quot;sizes&quot;:[]},&quot;jet_parallax_layout_type&quot;:&quot;scroll&quot;,&quot;jet_parallax_layout_direction&quot;:null,&quot;jet_parallax_layout_fx_direction&quot;:null,&quot;jet_parallax_layout_z_index&quot;:&quot;&quot;,&quot;jet_parallax_layout_bg_x&quot;:50,&quot;jet_parallax_layout_bg_x_tablet_extra&quot;:&quot;&quot;,&quot;jet_parallax_layout_bg_x_tablet&quot;:&quot;&quot;,&quot;jet_parallax_layout_bg_x_mobile&quot;:&quot;&quot;,&quot;jet_parallax_layout_bg_y&quot;:50,&quot;jet_parallax_layout_bg_y_tablet_extra&quot;:&quot;&quot;,&quot;jet_parallax_layout_bg_y_tablet&quot;:&quot;&quot;,&quot;jet_parallax_layout_bg_y_mobile&quot;:&quot;&quot;,&quot;jet_parallax_layout_bg_size&quot;:&quot;auto&quot;,&quot;jet_parallax_layout_bg_size_tablet_extra&quot;:&quot;&quot;,&quot;jet_parallax_layout_bg_size_tablet&quot;:&quot;&quot;,&quot;jet_parallax_layout_bg_size_mobile&quot;:&quot;&quot;,&quot;jet_parallax_layout_animation_prop&quot;:&quot;transform&quot;,&quot;jet_parallax_layout_on&quot;:[&quot;desktop&quot;,&quot;tablet&quot;]}],&quot;background_background&quot;:&quot;classic&quot;}\">\n\t\t\t\t\t\t<div class=\"elementor-container elementor-column-gap-default\">\n\t\t\t\t\t<div class=\"elementor-column elementor-col-100 elementor-inner-column elementor-element elementor-element-aba1f2b\" data-id=\"aba1f2b\" data-element_type=\"column\" data-settings=\"{&quot;background_background&quot;:&quot;classic&quot;}\">\n\t\t\t<div class=\"elementor-widget-wrap elementor-element-populated\">\n\t\t\t\t\t\t<div class=\"elementor-element elementor-element-d840577 elementor-widget elementor-widget-text-editor\" data-id=\"d840577\" data-element_type=\"widget\" data-widget_type=\"text-editor.default\">\n\t\t\t\t<div class=\"elementor-widget-container\">\n\t\t\t\t\t\t\t\t\t<h4>Comprendre pourquoi les collaborateurs partent.<\/h4><h4><span style=\"color: inherit; font-family: inherit; font-size: 1.5rem;\">Favoriser leur maintien.<\/span><\/h4><p><span style=\"color: var( --e-global-color-text );\">Vous souhaitez recevoir des documents suppl\u00e9mentaires ?<\/span><\/p>\t\t\t\t\t\t\t\t<\/div>\n\t\t\t\t<\/div>\n\t\t\t\t<div class=\"elementor-element elementor-element-a1aa214 elementor-align-left elementor-widget elementor-widget-button\" data-id=\"a1aa214\" data-element_type=\"widget\" data-widget_type=\"button.default\">\n\t\t\t\t<div class=\"elementor-widget-container\">\n\t\t\t\t\t\t\t\t\t<div class=\"elementor-button-wrapper\">\n\t\t\t\t\t<a class=\"elementor-button elementor-button-link elementor-size-lg\" href=\"https:\/\/mecon.ch\/fr\/documents\/\" target=\"_blank\">\n\t\t\t\t\t\t<span class=\"elementor-button-content-wrapper\">\n\t\t\t\t\t\t\t\t\t<span class=\"elementor-button-text\">Commander de la documentation<\/span>\n\t\t\t\t\t<\/span>\n\t\t\t\t\t<\/a>\n\t\t\t\t<\/div>\n\t\t\t\t\t\t\t\t<\/div>\n\t\t\t\t<\/div>\n\t\t\t\t<div class=\"elementor-element elementor-element-52d013b elementor-widget elementor-widget-text-editor\" data-id=\"52d013b\" data-element_type=\"widget\" data-widget_type=\"text-editor.default\">\n\t\t\t\t<div class=\"elementor-widget-container\">\n\t\t\t\t\t\t\t\t\t<p>Si vous avez des questions, n&rsquo;h\u00e9sitez pas \u00e0 nous contacter.<br><a href=\"https:\/\/mecon.ch\/fr\/contact\/\" target=\"_blank\" rel=\"noopener\">Contactez-nous.<\/a><\/p>\t\t\t\t\t\t\t\t<\/div>\n\t\t\t\t<\/div>\n\t\t\t\t\t<\/div>\n\t\t<\/div>\n\t\t\t\t\t<\/div>\n\t\t<\/section>\n\t\t\t\t\t<\/div>\n\t\t<\/div>\n\t\t\t\t\t<\/div>\n\t\t<\/section>\n\t\t\t\t<section class=\"elementor-section elementor-top-section elementor-element elementor-element-666a4e4 elementor-section-boxed elementor-section-height-default elementor-section-height-default\" data-id=\"666a4e4\" data-element_type=\"section\" data-settings=\"{&quot;jet_parallax_layout_list&quot;:[]}\">\n\t\t\t\t\t\t<div class=\"elementor-container elementor-column-gap-default\">\n\t\t\t\t\t<div class=\"elementor-column elementor-col-100 elementor-top-column elementor-element elementor-element-3a98dcb\" data-id=\"3a98dcb\" data-element_type=\"column\">\n\t\t\t<div class=\"elementor-widget-wrap\">\n\t\t\t\t\t\t\t<\/div>\n\t\t<\/div>\n\t\t\t\t\t<\/div>\n\t\t<\/section>\n\t\t\t\t<\/div>\n\t\t","protected":false},"excerpt":{"rendered":"<p>Sondage sur le d\u00e9part des collaborateurs Centrale&nbsp;pour&nbsp;une&nbsp;politique&nbsp;du&nbsp;personnel&nbsp;durable D\u00e9montrer&nbsp;et&nbsp;comprendre&nbsp;les&nbsp;motifs&nbsp;de&nbsp;d\u00e9part Fournir&nbsp;une&nbsp;base&nbsp;factuelle&nbsp;pour&nbsp;des&nbsp;strat\u00e9gies&nbsp;de&nbsp;ressources&nbsp;humaines&nbsp;cibl\u00e9es D\u00e9montrer&nbsp;les&nbsp;crit\u00e8res&nbsp;pour&nbsp;\u00e9viter&nbsp;les&nbsp;futurs&nbsp;licenciements La rotation du personnel a un co\u00fbt, financier et culturel. Notre enqu\u00eate en ligne standardis\u00e9e a \u00e9t\u00e9 con\u00e7ue sp\u00e9cifiquement pour les collaborateurs qui quittent l&rsquo;entreprise. Elle est l&rsquo;occasion pour vous de mieux comprendre, de disposer d&rsquo;une base factuelle pour des strat\u00e9gies de ressources humaines cibl\u00e9es [&hellip;]<\/p>\n","protected":false},"author":4,"featured_media":0,"parent":0,"menu_order":0,"comment_status":"closed","ping_status":"closed","template":"","meta":{"_acf_changed":false,"footnotes":""},"class_list":["post-9008","page","type-page","status-publish","hentry"],"acf":[],"yoast_head":"<!-- This site is optimized with the Yoast SEO Premium plugin v20.8 (Yoast SEO v26.0) - https:\/\/yoast.com\/wordpress\/plugins\/seo\/ -->\n<title>Sondage sur le d\u00e9part des collaborateurs - mecon.ch<\/title>\n<meta name=\"robots\" content=\"index, follow, max-snippet:-1, max-image-preview:large, max-video-preview:-1\" \/>\n<link rel=\"canonical\" href=\"https:\/\/mecon.ch\/fr\/sondage-sur-le-depart-des-collaborateurs\/\" \/>\n<meta property=\"og:locale\" content=\"fr_FR\" \/>\n<meta property=\"og:type\" content=\"article\" \/>\n<meta property=\"og:title\" content=\"Sondage sur le d\u00e9part des collaborateurs\" \/>\n<meta property=\"og:description\" content=\"Sondage sur le d\u00e9part des collaborateurs Centrale&nbsp;pour&nbsp;une&nbsp;politique&nbsp;du&nbsp;personnel&nbsp;durable D\u00e9montrer&nbsp;et&nbsp;comprendre&nbsp;les&nbsp;motifs&nbsp;de&nbsp;d\u00e9part Fournir&nbsp;une&nbsp;base&nbsp;factuelle&nbsp;pour&nbsp;des&nbsp;strat\u00e9gies&nbsp;de&nbsp;ressources&nbsp;humaines&nbsp;cibl\u00e9es D\u00e9montrer&nbsp;les&nbsp;crit\u00e8res&nbsp;pour&nbsp;\u00e9viter&nbsp;les&nbsp;futurs&nbsp;licenciements La rotation du personnel a un co\u00fbt, financier et culturel. Notre enqu\u00eate en ligne standardis\u00e9e a \u00e9t\u00e9 con\u00e7ue sp\u00e9cifiquement pour les collaborateurs qui quittent l&rsquo;entreprise. Elle est l&rsquo;occasion pour vous de mieux comprendre, de disposer d&rsquo;une base factuelle pour des strat\u00e9gies de ressources humaines cibl\u00e9es [&hellip;]\" \/>\n<meta property=\"og:url\" content=\"https:\/\/mecon.ch\/fr\/sondage-sur-le-depart-des-collaborateurs\/\" \/>\n<meta property=\"og:site_name\" content=\"mecon.ch\" \/>\n<meta property=\"article:modified_time\" content=\"2025-11-18T11:23:20+00:00\" \/>\n<meta name=\"twitter:card\" content=\"summary_large_image\" \/>\n<meta name=\"twitter:label1\" content=\"Dur\u00e9e de lecture estim\u00e9e\" \/>\n\t<meta name=\"twitter:data1\" content=\"2 minutes\" \/>\n<script type=\"application\/ld+json\" class=\"yoast-schema-graph\">{\"@context\":\"https:\/\/schema.org\",\"@graph\":[{\"@type\":\"WebPage\",\"@id\":\"https:\/\/mecon.ch\/fr\/sondage-sur-le-depart-des-collaborateurs\/\",\"url\":\"https:\/\/mecon.ch\/fr\/sondage-sur-le-depart-des-collaborateurs\/\",\"name\":\"Sondage sur le d\u00e9part des collaborateurs - mecon.ch\",\"isPartOf\":{\"@id\":\"https:\/\/mecon.ch\/fr\/#website\"},\"datePublished\":\"2025-10-20T16:10:28+00:00\",\"dateModified\":\"2025-11-18T11:23:20+00:00\",\"breadcrumb\":{\"@id\":\"https:\/\/mecon.ch\/fr\/sondage-sur-le-depart-des-collaborateurs\/#breadcrumb\"},\"inLanguage\":\"fr-FR\",\"potentialAction\":[{\"@type\":\"ReadAction\",\"target\":[\"https:\/\/mecon.ch\/fr\/sondage-sur-le-depart-des-collaborateurs\/\"]}]},{\"@type\":\"BreadcrumbList\",\"@id\":\"https:\/\/mecon.ch\/fr\/sondage-sur-le-depart-des-collaborateurs\/#breadcrumb\",\"itemListElement\":[{\"@type\":\"ListItem\",\"position\":1,\"name\":\"Startseite\",\"item\":\"https:\/\/mecon.ch\/fr\/accueil\/\"},{\"@type\":\"ListItem\",\"position\":2,\"name\":\"Sondage sur le d\u00e9part des collaborateurs\"}]},{\"@type\":\"WebSite\",\"@id\":\"https:\/\/mecon.ch\/fr\/#website\",\"url\":\"https:\/\/mecon.ch\/fr\/\",\"name\":\"mecon.ch\",\"description\":\"MECON measure &amp; consult GmbH\",\"publisher\":{\"@id\":\"https:\/\/mecon.ch\/fr\/#organization\"},\"potentialAction\":[{\"@type\":\"SearchAction\",\"target\":{\"@type\":\"EntryPoint\",\"urlTemplate\":\"https:\/\/mecon.ch\/fr\/?s={search_term_string}\"},\"query-input\":{\"@type\":\"PropertyValueSpecification\",\"valueRequired\":true,\"valueName\":\"search_term_string\"}}],\"inLanguage\":\"fr-FR\"},{\"@type\":\"Organization\",\"@id\":\"https:\/\/mecon.ch\/fr\/#organization\",\"name\":\"MECON measure & consult GmbH\",\"url\":\"https:\/\/mecon.ch\/fr\/\",\"logo\":{\"@type\":\"ImageObject\",\"inLanguage\":\"fr-FR\",\"@id\":\"https:\/\/mecon.ch\/fr\/#\/schema\/logo\/image\/\",\"url\":\"https:\/\/mecon.ch\/wp-content\/uploads\/2022\/06\/logo_mecon-1-1.png\",\"contentUrl\":\"https:\/\/mecon.ch\/wp-content\/uploads\/2022\/06\/logo_mecon-1-1.png\",\"width\":150,\"height\":22,\"caption\":\"MECON measure & consult GmbH\"},\"image\":{\"@id\":\"https:\/\/mecon.ch\/fr\/#\/schema\/logo\/image\/\"}}]}<\/script>\n<!-- \/ Yoast SEO Premium plugin. -->","yoast_head_json":{"title":"Sondage sur le d\u00e9part des collaborateurs - mecon.ch","robots":{"index":"index","follow":"follow","max-snippet":"max-snippet:-1","max-image-preview":"max-image-preview:large","max-video-preview":"max-video-preview:-1"},"canonical":"https:\/\/mecon.ch\/fr\/sondage-sur-le-depart-des-collaborateurs\/","og_locale":"fr_FR","og_type":"article","og_title":"Sondage sur le d\u00e9part des collaborateurs","og_description":"Sondage sur le d\u00e9part des collaborateurs Centrale&nbsp;pour&nbsp;une&nbsp;politique&nbsp;du&nbsp;personnel&nbsp;durable D\u00e9montrer&nbsp;et&nbsp;comprendre&nbsp;les&nbsp;motifs&nbsp;de&nbsp;d\u00e9part Fournir&nbsp;une&nbsp;base&nbsp;factuelle&nbsp;pour&nbsp;des&nbsp;strat\u00e9gies&nbsp;de&nbsp;ressources&nbsp;humaines&nbsp;cibl\u00e9es D\u00e9montrer&nbsp;les&nbsp;crit\u00e8res&nbsp;pour&nbsp;\u00e9viter&nbsp;les&nbsp;futurs&nbsp;licenciements La rotation du personnel a un co\u00fbt, financier et culturel. Notre enqu\u00eate en ligne standardis\u00e9e a \u00e9t\u00e9 con\u00e7ue sp\u00e9cifiquement pour les collaborateurs qui quittent l&rsquo;entreprise. Elle est l&rsquo;occasion pour vous de mieux comprendre, de disposer d&rsquo;une base factuelle pour des strat\u00e9gies de ressources humaines cibl\u00e9es [&hellip;]","og_url":"https:\/\/mecon.ch\/fr\/sondage-sur-le-depart-des-collaborateurs\/","og_site_name":"mecon.ch","article_modified_time":"2025-11-18T11:23:20+00:00","twitter_card":"summary_large_image","twitter_misc":{"Dur\u00e9e de lecture estim\u00e9e":"2 minutes"},"schema":{"@context":"https:\/\/schema.org","@graph":[{"@type":"WebPage","@id":"https:\/\/mecon.ch\/fr\/sondage-sur-le-depart-des-collaborateurs\/","url":"https:\/\/mecon.ch\/fr\/sondage-sur-le-depart-des-collaborateurs\/","name":"Sondage sur le d\u00e9part des collaborateurs - mecon.ch","isPartOf":{"@id":"https:\/\/mecon.ch\/fr\/#website"},"datePublished":"2025-10-20T16:10:28+00:00","dateModified":"2025-11-18T11:23:20+00:00","breadcrumb":{"@id":"https:\/\/mecon.ch\/fr\/sondage-sur-le-depart-des-collaborateurs\/#breadcrumb"},"inLanguage":"fr-FR","potentialAction":[{"@type":"ReadAction","target":["https:\/\/mecon.ch\/fr\/sondage-sur-le-depart-des-collaborateurs\/"]}]},{"@type":"BreadcrumbList","@id":"https:\/\/mecon.ch\/fr\/sondage-sur-le-depart-des-collaborateurs\/#breadcrumb","itemListElement":[{"@type":"ListItem","position":1,"name":"Startseite","item":"https:\/\/mecon.ch\/fr\/accueil\/"},{"@type":"ListItem","position":2,"name":"Sondage sur le d\u00e9part des collaborateurs"}]},{"@type":"WebSite","@id":"https:\/\/mecon.ch\/fr\/#website","url":"https:\/\/mecon.ch\/fr\/","name":"mecon.ch","description":"MECON measure &amp; consult GmbH","publisher":{"@id":"https:\/\/mecon.ch\/fr\/#organization"},"potentialAction":[{"@type":"SearchAction","target":{"@type":"EntryPoint","urlTemplate":"https:\/\/mecon.ch\/fr\/?s={search_term_string}"},"query-input":{"@type":"PropertyValueSpecification","valueRequired":true,"valueName":"search_term_string"}}],"inLanguage":"fr-FR"},{"@type":"Organization","@id":"https:\/\/mecon.ch\/fr\/#organization","name":"MECON measure & consult GmbH","url":"https:\/\/mecon.ch\/fr\/","logo":{"@type":"ImageObject","inLanguage":"fr-FR","@id":"https:\/\/mecon.ch\/fr\/#\/schema\/logo\/image\/","url":"https:\/\/mecon.ch\/wp-content\/uploads\/2022\/06\/logo_mecon-1-1.png","contentUrl":"https:\/\/mecon.ch\/wp-content\/uploads\/2022\/06\/logo_mecon-1-1.png","width":150,"height":22,"caption":"MECON measure & consult GmbH"},"image":{"@id":"https:\/\/mecon.ch\/fr\/#\/schema\/logo\/image\/"}}]}},"_links":{"self":[{"href":"https:\/\/mecon.ch\/fr\/wp-json\/wp\/v2\/pages\/9008","targetHints":{"allow":["GET"]}}],"collection":[{"href":"https:\/\/mecon.ch\/fr\/wp-json\/wp\/v2\/pages"}],"about":[{"href":"https:\/\/mecon.ch\/fr\/wp-json\/wp\/v2\/types\/page"}],"author":[{"embeddable":true,"href":"https:\/\/mecon.ch\/fr\/wp-json\/wp\/v2\/users\/4"}],"replies":[{"embeddable":true,"href":"https:\/\/mecon.ch\/fr\/wp-json\/wp\/v2\/comments?post=9008"}],"version-history":[{"count":15,"href":"https:\/\/mecon.ch\/fr\/wp-json\/wp\/v2\/pages\/9008\/revisions"}],"predecessor-version":[{"id":9299,"href":"https:\/\/mecon.ch\/fr\/wp-json\/wp\/v2\/pages\/9008\/revisions\/9299"}],"wp:attachment":[{"href":"https:\/\/mecon.ch\/fr\/wp-json\/wp\/v2\/media?parent=9008"}],"curies":[{"name":"wp","href":"https:\/\/api.w.org\/{rel}","templated":true}]}}