{"id":3483,"date":"2021-12-08T09:24:11","date_gmt":"2021-12-08T08:24:11","guid":{"rendered":"https:\/\/mecon.ch\/maisons-de-retraite-et-de-soins\/"},"modified":"2024-07-11T09:23:36","modified_gmt":"2024-07-11T07:23:36","slug":"maisons-de-retraite-et-de-soins","status":"publish","type":"page","link":"https:\/\/mecon.ch\/fr\/maisons-de-retraite-et-de-soins\/","title":{"rendered":"Maisons de retraite et de soins"},"content":{"rendered":"\t\t<div data-elementor-type=\"wp-page\" data-elementor-id=\"3483\" class=\"elementor elementor-3483 elementor-59\" data-elementor-post-type=\"page\">\n\t\t\t\t\t\t<section class=\"elementor-section elementor-top-section elementor-element elementor-element-70105e4 elementor-section-height-min-height elementor-section-boxed elementor-section-height-default elementor-section-items-middle\" data-id=\"70105e4\" data-element_type=\"section\" data-settings=\"{&quot;jet_parallax_layout_list&quot;:[{&quot;jet_parallax_layout_image&quot;:{&quot;url&quot;:&quot;&quot;,&quot;id&quot;:&quot;&quot;,&quot;size&quot;:&quot;&quot;},&quot;_id&quot;:&quot;c07c64d&quot;,&quot;jet_parallax_layout_image_tablet_extra&quot;:{&quot;url&quot;:&quot;&quot;,&quot;id&quot;:&quot;&quot;,&quot;size&quot;:&quot;&quot;},&quot;jet_parallax_layout_image_tablet&quot;:{&quot;url&quot;:&quot;&quot;,&quot;id&quot;:&quot;&quot;,&quot;size&quot;:&quot;&quot;},&quot;jet_parallax_layout_image_mobile&quot;:{&quot;url&quot;:&quot;&quot;,&quot;id&quot;:&quot;&quot;,&quot;size&quot;:&quot;&quot;},&quot;jet_parallax_layout_speed&quot;:{&quot;unit&quot;:&quot;%&quot;,&quot;size&quot;:50,&quot;sizes&quot;:[]},&quot;jet_parallax_layout_type&quot;:&quot;scroll&quot;,&quot;jet_parallax_layout_direction&quot;:null,&quot;jet_parallax_layout_fx_direction&quot;:null,&quot;jet_parallax_layout_z_index&quot;:&quot;&quot;,&quot;jet_parallax_layout_bg_x&quot;:50,&quot;jet_parallax_layout_bg_x_tablet_extra&quot;:&quot;&quot;,&quot;jet_parallax_layout_bg_x_tablet&quot;:&quot;&quot;,&quot;jet_parallax_layout_bg_x_mobile&quot;:&quot;&quot;,&quot;jet_parallax_layout_bg_y&quot;:50,&quot;jet_parallax_layout_bg_y_tablet_extra&quot;:&quot;&quot;,&quot;jet_parallax_layout_bg_y_tablet&quot;:&quot;&quot;,&quot;jet_parallax_layout_bg_y_mobile&quot;:&quot;&quot;,&quot;jet_parallax_layout_bg_size&quot;:&quot;auto&quot;,&quot;jet_parallax_layout_bg_size_tablet_extra&quot;:&quot;&quot;,&quot;jet_parallax_layout_bg_size_tablet&quot;:&quot;&quot;,&quot;jet_parallax_layout_bg_size_mobile&quot;:&quot;&quot;,&quot;jet_parallax_layout_animation_prop&quot;:&quot;transform&quot;,&quot;jet_parallax_layout_on&quot;:[&quot;desktop&quot;,&quot;tablet&quot;]}],&quot;background_background&quot;:&quot;classic&quot;}\">\n\t\t\t\t\t\t<div class=\"elementor-container elementor-column-gap-default\">\n\t\t\t\t\t<div class=\"elementor-column elementor-col-100 elementor-top-column elementor-element elementor-element-7f6d55e\" data-id=\"7f6d55e\" data-element_type=\"column\" data-settings=\"{&quot;background_background&quot;:&quot;classic&quot;}\">\n\t\t\t<div class=\"elementor-widget-wrap elementor-element-populated\">\n\t\t\t\t\t\t<div class=\"elementor-element elementor-element-2d7ceff elementor-invisible elementor-widget elementor-widget-heading\" data-id=\"2d7ceff\" data-element_type=\"widget\" data-settings=\"{&quot;_animation&quot;:&quot;fadeInUp&quot;}\" data-widget_type=\"heading.default\">\n\t\t\t\t<div class=\"elementor-widget-container\">\n\t\t\t\t\t<h1 class=\"elementor-heading-title elementor-size-default\">Maisons de retraite et de soins<\/h1>\t\t\t\t<\/div>\n\t\t\t\t<\/div>\n\t\t\t\t\t<\/div>\n\t\t<\/div>\n\t\t\t\t\t<\/div>\n\t\t<\/section>\n\t\t\t\t<section class=\"elementor-section elementor-top-section elementor-element elementor-element-704ee3d elementor-section-boxed elementor-section-height-default elementor-section-height-default elementor-invisible\" data-id=\"704ee3d\" data-element_type=\"section\" data-settings=\"{&quot;jet_parallax_layout_list&quot;:[{&quot;jet_parallax_layout_image&quot;:{&quot;url&quot;:&quot;&quot;,&quot;id&quot;:&quot;&quot;,&quot;size&quot;:&quot;&quot;},&quot;_id&quot;:&quot;8fdafc9&quot;,&quot;jet_parallax_layout_image_tablet_extra&quot;:{&quot;url&quot;:&quot;&quot;,&quot;id&quot;:&quot;&quot;,&quot;size&quot;:&quot;&quot;},&quot;jet_parallax_layout_image_tablet&quot;:{&quot;url&quot;:&quot;&quot;,&quot;id&quot;:&quot;&quot;,&quot;size&quot;:&quot;&quot;},&quot;jet_parallax_layout_image_mobile&quot;:{&quot;url&quot;:&quot;&quot;,&quot;id&quot;:&quot;&quot;,&quot;size&quot;:&quot;&quot;},&quot;jet_parallax_layout_speed&quot;:{&quot;unit&quot;:&quot;%&quot;,&quot;size&quot;:50,&quot;sizes&quot;:[]},&quot;jet_parallax_layout_type&quot;:&quot;scroll&quot;,&quot;jet_parallax_layout_direction&quot;:null,&quot;jet_parallax_layout_fx_direction&quot;:null,&quot;jet_parallax_layout_z_index&quot;:&quot;&quot;,&quot;jet_parallax_layout_bg_x&quot;:50,&quot;jet_parallax_layout_bg_x_tablet_extra&quot;:&quot;&quot;,&quot;jet_parallax_layout_bg_x_tablet&quot;:&quot;&quot;,&quot;jet_parallax_layout_bg_x_mobile&quot;:&quot;&quot;,&quot;jet_parallax_layout_bg_y&quot;:50,&quot;jet_parallax_layout_bg_y_tablet_extra&quot;:&quot;&quot;,&quot;jet_parallax_layout_bg_y_tablet&quot;:&quot;&quot;,&quot;jet_parallax_layout_bg_y_mobile&quot;:&quot;&quot;,&quot;jet_parallax_layout_bg_size&quot;:&quot;auto&quot;,&quot;jet_parallax_layout_bg_size_tablet_extra&quot;:&quot;&quot;,&quot;jet_parallax_layout_bg_size_tablet&quot;:&quot;&quot;,&quot;jet_parallax_layout_bg_size_mobile&quot;:&quot;&quot;,&quot;jet_parallax_layout_animation_prop&quot;:&quot;transform&quot;,&quot;jet_parallax_layout_on&quot;:[&quot;desktop&quot;,&quot;tablet&quot;]}],&quot;animation&quot;:&quot;fadeIn&quot;}\">\n\t\t\t\t\t\t<div class=\"elementor-container elementor-column-gap-default\">\n\t\t\t\t\t<div class=\"elementor-column elementor-col-50 elementor-top-column elementor-element elementor-element-8c5c355\" data-id=\"8c5c355\" data-element_type=\"column\">\n\t\t\t<div class=\"elementor-widget-wrap elementor-element-populated\">\n\t\t\t\t\t\t<div class=\"elementor-element elementor-element-f9ac8b1 elementor-widget elementor-widget-text-editor\" data-id=\"f9ac8b1\" data-element_type=\"widget\" data-widget_type=\"text-editor.default\">\n\t\t\t\t<div class=\"elementor-widget-container\">\n\t\t\t\t\t\t\t\t\t<p><strong>Les mesures de la satisfaction des r\u00e9sidents et des proches ainsi que l&rsquo;enqu\u00eate aupr\u00e8s des collaborateurs de MECON montrent de mani\u00e8re simple et fiable quels sont les points forts et les potentiels d&rsquo;am\u00e9lioration de votre maison de retraite\/de soins.<\/strong><\/p><p>La satisfaction des r\u00e9sidents est essentielle pour une maison de retraite\/de soins. Gr\u00e2ce \u00e0 nos syst\u00e8mes de mesure, vous obtenez de vos r\u00e9sidents et de leurs proches des \u00e9valuations pr\u00e9cieuses sur les prestations de votre maison de retraite\/de soins. Des collaborateurs satisfaits et motiv\u00e9s constituent la base du succ\u00e8s de votre \u00e9tablissement. Pour les garantir, il est important de tenir compte des besoins et des souhaits des collaborateurs. De m\u00eame, un taux \u00e9lev\u00e9 de rotation du personnel repr\u00e9sente un facteur de co\u00fbt important.<\/p><p>Le syst\u00e8me de mesure MECON pour les maisons de retraite et de soins se compose de trois enqu\u00eates diff\u00e9rentes qui peuvent \u00eatre utilis\u00e9es s\u00e9par\u00e9ment ou dans n&rsquo;importe quelle combinaison :<\/p><ul><li>Le <strong>questionnaire destin\u00e9 aux r\u00e9sidents<\/strong> aborde tous les domaines importants de la vie en maison de retraite\/de soins. Sa conception claire et simple facilite le remplissage du questionnaire par les r\u00e9sidents.<\/li><li>Pour de nombreux habitants, une enqu\u00eate serait malgr\u00e9 tout trop fatigante ou trop difficile. Le <strong>questionnaire pour les proches<\/strong> offre une possibilit\u00e9 alternative de faire \u00e9valuer les services de la maison de retraite et de soins.<\/li><li>L&rsquo;<strong>enqu\u00eate aupr\u00e8s des collaborateurs<\/strong> couvre tous les domaines importants pour les collaborateurs.<\/li><\/ul><p> <\/p><p>L&rsquo;enqu\u00eate men\u00e9e par MECON permet \u00e0 vos r\u00e9sidents, \u00e0 leurs proches et \u00e0 vos collaborateurs de s&rsquo;exprimer anonymement et donc librement. Un grand avantage de cette r\u00e9alisation externe est que vous pouvez comparer vos r\u00e9sultats avec ceux d&rsquo;autres foyers. Gr\u00e2ce au benchmarking avec d&rsquo;autres foyers, vous obtenez une image pertinente des points forts et des potentiels d&rsquo;am\u00e9lioration de votre \u00e9tablissement.<\/p>\t\t\t\t\t\t\t\t<\/div>\n\t\t\t\t<\/div>\n\t\t\t\t\t<\/div>\n\t\t<\/div>\n\t\t\t\t<div class=\"elementor-column elementor-col-50 elementor-top-column elementor-element elementor-element-bdba0eb\" data-id=\"bdba0eb\" data-element_type=\"column\" data-settings=\"{&quot;background_background&quot;:&quot;slideshow&quot;,&quot;background_slideshow_gallery&quot;:[{&quot;id&quot;:1284,&quot;url&quot;:&quot;https:\\\/\\\/mecon.ch\\\/wp-content\\\/uploads\\\/2021\\\/12\\\/iStock-1293388093-1536x1024-1.jpg&quot;},{&quot;id&quot;:1283,&quot;url&quot;:&quot;https:\\\/\\\/mecon.ch\\\/wp-content\\\/uploads\\\/2021\\\/12\\\/iStock-628504820-1.jpg&quot;}],&quot;background_slideshow_slide_duration&quot;:6000,&quot;background_slideshow_transition_duration&quot;:1500,&quot;background_slideshow_ken_burns&quot;:&quot;yes&quot;,&quot;background_slideshow_loop&quot;:&quot;yes&quot;,&quot;background_slideshow_slide_transition&quot;:&quot;fade&quot;,&quot;background_slideshow_ken_burns_zoom_direction&quot;:&quot;in&quot;}\">\n\t\t\t<div class=\"elementor-widget-wrap elementor-element-populated\">\n\t\t\t\t\t\t<section class=\"elementor-section elementor-inner-section elementor-element elementor-element-1e2439b elementor-section-boxed elementor-section-height-default elementor-section-height-default\" data-id=\"1e2439b\" data-element_type=\"section\" data-settings=\"{&quot;jet_parallax_layout_list&quot;:[{&quot;jet_parallax_layout_image&quot;:{&quot;url&quot;:&quot;&quot;,&quot;id&quot;:&quot;&quot;,&quot;size&quot;:&quot;&quot;},&quot;_id&quot;:&quot;1b801ce&quot;,&quot;jet_parallax_layout_image_tablet_extra&quot;:{&quot;url&quot;:&quot;&quot;,&quot;id&quot;:&quot;&quot;,&quot;size&quot;:&quot;&quot;},&quot;jet_parallax_layout_image_tablet&quot;:{&quot;url&quot;:&quot;&quot;,&quot;id&quot;:&quot;&quot;,&quot;size&quot;:&quot;&quot;},&quot;jet_parallax_layout_image_mobile&quot;:{&quot;url&quot;:&quot;&quot;,&quot;id&quot;:&quot;&quot;,&quot;size&quot;:&quot;&quot;},&quot;jet_parallax_layout_speed&quot;:{&quot;unit&quot;:&quot;%&quot;,&quot;size&quot;:50,&quot;sizes&quot;:[]},&quot;jet_parallax_layout_type&quot;:&quot;scroll&quot;,&quot;jet_parallax_layout_direction&quot;:null,&quot;jet_parallax_layout_fx_direction&quot;:null,&quot;jet_parallax_layout_z_index&quot;:&quot;&quot;,&quot;jet_parallax_layout_bg_x&quot;:50,&quot;jet_parallax_layout_bg_x_tablet_extra&quot;:&quot;&quot;,&quot;jet_parallax_layout_bg_x_tablet&quot;:&quot;&quot;,&quot;jet_parallax_layout_bg_x_mobile&quot;:&quot;&quot;,&quot;jet_parallax_layout_bg_y&quot;:50,&quot;jet_parallax_layout_bg_y_tablet_extra&quot;:&quot;&quot;,&quot;jet_parallax_layout_bg_y_tablet&quot;:&quot;&quot;,&quot;jet_parallax_layout_bg_y_mobile&quot;:&quot;&quot;,&quot;jet_parallax_layout_bg_size&quot;:&quot;auto&quot;,&quot;jet_parallax_layout_bg_size_tablet_extra&quot;:&quot;&quot;,&quot;jet_parallax_layout_bg_size_tablet&quot;:&quot;&quot;,&quot;jet_parallax_layout_bg_size_mobile&quot;:&quot;&quot;,&quot;jet_parallax_layout_animation_prop&quot;:&quot;transform&quot;,&quot;jet_parallax_layout_on&quot;:[&quot;desktop&quot;,&quot;tablet&quot;]}],&quot;background_background&quot;:&quot;classic&quot;}\">\n\t\t\t\t\t\t<div class=\"elementor-container elementor-column-gap-default\">\n\t\t\t\t\t<div class=\"elementor-column elementor-col-100 elementor-inner-column elementor-element elementor-element-dd61e0f\" data-id=\"dd61e0f\" data-element_type=\"column\" data-settings=\"{&quot;background_background&quot;:&quot;classic&quot;}\">\n\t\t\t<div class=\"elementor-widget-wrap elementor-element-populated\">\n\t\t\t\t\t\t<div class=\"elementor-element elementor-element-72ed00e elementor-widget elementor-widget-text-editor\" data-id=\"72ed00e\" data-element_type=\"widget\" data-widget_type=\"text-editor.default\">\n\t\t\t\t<div class=\"elementor-widget-container\">\n\t\t\t\t\t\t\t\t\t<p>Plus de 100 maisons de retraite et de soins ont d\u00e9j\u00e0 r\u00e9alis\u00e9 ces enqu\u00eates avec MECON.<\/p><p>Informations suppl\u00e9mentaires :<br \/>&#8211; <a href=\"https:\/\/mecon.ch\/fr\/maisons-de-retraite-et-de-soins-enquete-aupres-des-residents\/\" target=\"_blank\" rel=\"noopener\">Enqu\u00eate aupr\u00e8s des r\u00e9sidents<\/a><br \/>&#8211; <a href=\"https:\/\/mecon.ch\/fr\/maisons-de-retraite-et-de-soins-enquete-proches\/\" target=\"_blank\" rel=\"noopener\">Enqu\u00eate aupr\u00e8s des proches<\/a><br \/>&#8211; <a href=\"https:\/\/mecon.ch\/fr\/maisons-de-retraite-et-de-soins-enquete-collaborateurs\/\" target=\"_blank\" rel=\"noopener\">Enqu\u00eate aupr\u00e8s des collaborateurs<\/a><\/p><p>Vous souhaitez recevoir des documents suppl\u00e9mentaires ?<\/p>\t\t\t\t\t\t\t\t<\/div>\n\t\t\t\t<\/div>\n\t\t\t\t<div class=\"elementor-element elementor-element-96c4c47 elementor-align-left elementor-widget elementor-widget-button\" data-id=\"96c4c47\" data-element_type=\"widget\" data-widget_type=\"button.default\">\n\t\t\t\t<div class=\"elementor-widget-container\">\n\t\t\t\t\t\t\t\t\t<div class=\"elementor-button-wrapper\">\n\t\t\t\t\t<a class=\"elementor-button elementor-button-link elementor-size-lg\" href=\"https:\/\/mecon.ch\/fr\/documents\/\" target=\"_blank\">\n\t\t\t\t\t\t<span class=\"elementor-button-content-wrapper\">\n\t\t\t\t\t\t\t\t\t<span class=\"elementor-button-text\">Commander de la documentation<\/span>\n\t\t\t\t\t<\/span>\n\t\t\t\t\t<\/a>\n\t\t\t\t<\/div>\n\t\t\t\t\t\t\t\t<\/div>\n\t\t\t\t<\/div>\n\t\t\t\t<div class=\"elementor-element elementor-element-8e379ad elementor-widget elementor-widget-text-editor\" data-id=\"8e379ad\" data-element_type=\"widget\" data-widget_type=\"text-editor.default\">\n\t\t\t\t<div class=\"elementor-widget-container\">\n\t\t\t\t\t\t\t\t\t<p>N&rsquo;h\u00e9sitez pas \u00e0 nous contacter si vous avez des questions.<br \/><a href=\"https:\/\/mecon.ch\/fr\/contact\/\" target=\"_blank\" rel=\"noopener\">Contactez-nous<\/a><\/p>\t\t\t\t\t\t\t\t<\/div>\n\t\t\t\t<\/div>\n\t\t\t\t\t<\/div>\n\t\t<\/div>\n\t\t\t\t\t<\/div>\n\t\t<\/section>\n\t\t\t\t\t<\/div>\n\t\t<\/div>\n\t\t\t\t\t<\/div>\n\t\t<\/section>\n\t\t\t\t<\/div>\n\t\t","protected":false},"excerpt":{"rendered":"<p>Maisons de retraite et de soins Les mesures de la satisfaction des r\u00e9sidents et des proches ainsi que l&rsquo;enqu\u00eate aupr\u00e8s des collaborateurs de MECON montrent de mani\u00e8re simple et fiable quels sont les points forts et les potentiels d&rsquo;am\u00e9lioration de votre maison de retraite\/de soins. La satisfaction des r\u00e9sidents est essentielle pour une maison de [&hellip;]<\/p>\n","protected":false},"author":1,"featured_media":0,"parent":0,"menu_order":0,"comment_status":"closed","ping_status":"closed","template":"","meta":{"_acf_changed":false,"footnotes":""},"class_list":["post-3483","page","type-page","status-publish","hentry"],"acf":[],"yoast_head":"<!-- This site is optimized with the Yoast SEO Premium plugin v20.8 (Yoast SEO v26.0) - https:\/\/yoast.com\/wordpress\/plugins\/seo\/ -->\n<title>Maisons de retraite et de soins - mecon.ch<\/title>\n<meta name=\"robots\" content=\"index, follow, max-snippet:-1, max-image-preview:large, max-video-preview:-1\" \/>\n<link rel=\"canonical\" href=\"https:\/\/mecon.ch\/fr\/maisons-de-retraite-et-de-soins\/\" \/>\n<meta property=\"og:locale\" content=\"fr_FR\" \/>\n<meta property=\"og:type\" content=\"article\" \/>\n<meta property=\"og:title\" content=\"Maisons de retraite et de soins\" \/>\n<meta property=\"og:description\" content=\"Maisons de retraite et de soins Les mesures de la satisfaction des r\u00e9sidents et des proches ainsi que l&rsquo;enqu\u00eate aupr\u00e8s des collaborateurs de MECON montrent de mani\u00e8re simple et fiable quels sont les points forts et les potentiels d&rsquo;am\u00e9lioration de votre maison de retraite\/de soins. La satisfaction des r\u00e9sidents est essentielle pour une maison de [&hellip;]\" \/>\n<meta property=\"og:url\" content=\"https:\/\/mecon.ch\/fr\/maisons-de-retraite-et-de-soins\/\" \/>\n<meta property=\"og:site_name\" content=\"mecon.ch\" \/>\n<meta property=\"article:modified_time\" content=\"2024-07-11T07:23:36+00:00\" \/>\n<meta name=\"twitter:card\" content=\"summary_large_image\" \/>\n<meta name=\"twitter:label1\" content=\"Dur\u00e9e de lecture estim\u00e9e\" \/>\n\t<meta name=\"twitter:data1\" content=\"2 minutes\" \/>\n<script type=\"application\/ld+json\" class=\"yoast-schema-graph\">{\"@context\":\"https:\/\/schema.org\",\"@graph\":[{\"@type\":\"WebPage\",\"@id\":\"https:\/\/mecon.ch\/fr\/maisons-de-retraite-et-de-soins\/\",\"url\":\"https:\/\/mecon.ch\/fr\/maisons-de-retraite-et-de-soins\/\",\"name\":\"Maisons de retraite et de soins - mecon.ch\",\"isPartOf\":{\"@id\":\"https:\/\/mecon.ch\/fr\/#website\"},\"datePublished\":\"2021-12-08T08:24:11+00:00\",\"dateModified\":\"2024-07-11T07:23:36+00:00\",\"breadcrumb\":{\"@id\":\"https:\/\/mecon.ch\/fr\/maisons-de-retraite-et-de-soins\/#breadcrumb\"},\"inLanguage\":\"fr-FR\",\"potentialAction\":[{\"@type\":\"ReadAction\",\"target\":[\"https:\/\/mecon.ch\/fr\/maisons-de-retraite-et-de-soins\/\"]}]},{\"@type\":\"BreadcrumbList\",\"@id\":\"https:\/\/mecon.ch\/fr\/maisons-de-retraite-et-de-soins\/#breadcrumb\",\"itemListElement\":[{\"@type\":\"ListItem\",\"position\":1,\"name\":\"Startseite\",\"item\":\"https:\/\/mecon.ch\/fr\/accueil\/\"},{\"@type\":\"ListItem\",\"position\":2,\"name\":\"Maisons de retraite et de soins\"}]},{\"@type\":\"WebSite\",\"@id\":\"https:\/\/mecon.ch\/fr\/#website\",\"url\":\"https:\/\/mecon.ch\/fr\/\",\"name\":\"mecon.ch\",\"description\":\"MECON measure &amp; consult GmbH\",\"publisher\":{\"@id\":\"https:\/\/mecon.ch\/fr\/#organization\"},\"potentialAction\":[{\"@type\":\"SearchAction\",\"target\":{\"@type\":\"EntryPoint\",\"urlTemplate\":\"https:\/\/mecon.ch\/fr\/?s={search_term_string}\"},\"query-input\":{\"@type\":\"PropertyValueSpecification\",\"valueRequired\":true,\"valueName\":\"search_term_string\"}}],\"inLanguage\":\"fr-FR\"},{\"@type\":\"Organization\",\"@id\":\"https:\/\/mecon.ch\/fr\/#organization\",\"name\":\"MECON measure & consult GmbH\",\"url\":\"https:\/\/mecon.ch\/fr\/\",\"logo\":{\"@type\":\"ImageObject\",\"inLanguage\":\"fr-FR\",\"@id\":\"https:\/\/mecon.ch\/fr\/#\/schema\/logo\/image\/\",\"url\":\"https:\/\/mecon.ch\/wp-content\/uploads\/2022\/06\/logo_mecon-1-1.png\",\"contentUrl\":\"https:\/\/mecon.ch\/wp-content\/uploads\/2022\/06\/logo_mecon-1-1.png\",\"width\":150,\"height\":22,\"caption\":\"MECON measure & consult GmbH\"},\"image\":{\"@id\":\"https:\/\/mecon.ch\/fr\/#\/schema\/logo\/image\/\"}}]}<\/script>\n<!-- \/ Yoast SEO Premium plugin. -->","yoast_head_json":{"title":"Maisons de retraite et de soins - mecon.ch","robots":{"index":"index","follow":"follow","max-snippet":"max-snippet:-1","max-image-preview":"max-image-preview:large","max-video-preview":"max-video-preview:-1"},"canonical":"https:\/\/mecon.ch\/fr\/maisons-de-retraite-et-de-soins\/","og_locale":"fr_FR","og_type":"article","og_title":"Maisons de retraite et de soins","og_description":"Maisons de retraite et de soins Les mesures de la satisfaction des r\u00e9sidents et des proches ainsi que l&rsquo;enqu\u00eate aupr\u00e8s des collaborateurs de MECON montrent de mani\u00e8re simple et fiable quels sont les points forts et les potentiels d&rsquo;am\u00e9lioration de votre maison de retraite\/de soins. La satisfaction des r\u00e9sidents est essentielle pour une maison de [&hellip;]","og_url":"https:\/\/mecon.ch\/fr\/maisons-de-retraite-et-de-soins\/","og_site_name":"mecon.ch","article_modified_time":"2024-07-11T07:23:36+00:00","twitter_card":"summary_large_image","twitter_misc":{"Dur\u00e9e de lecture estim\u00e9e":"2 minutes"},"schema":{"@context":"https:\/\/schema.org","@graph":[{"@type":"WebPage","@id":"https:\/\/mecon.ch\/fr\/maisons-de-retraite-et-de-soins\/","url":"https:\/\/mecon.ch\/fr\/maisons-de-retraite-et-de-soins\/","name":"Maisons de retraite et de soins - mecon.ch","isPartOf":{"@id":"https:\/\/mecon.ch\/fr\/#website"},"datePublished":"2021-12-08T08:24:11+00:00","dateModified":"2024-07-11T07:23:36+00:00","breadcrumb":{"@id":"https:\/\/mecon.ch\/fr\/maisons-de-retraite-et-de-soins\/#breadcrumb"},"inLanguage":"fr-FR","potentialAction":[{"@type":"ReadAction","target":["https:\/\/mecon.ch\/fr\/maisons-de-retraite-et-de-soins\/"]}]},{"@type":"BreadcrumbList","@id":"https:\/\/mecon.ch\/fr\/maisons-de-retraite-et-de-soins\/#breadcrumb","itemListElement":[{"@type":"ListItem","position":1,"name":"Startseite","item":"https:\/\/mecon.ch\/fr\/accueil\/"},{"@type":"ListItem","position":2,"name":"Maisons de retraite et de soins"}]},{"@type":"WebSite","@id":"https:\/\/mecon.ch\/fr\/#website","url":"https:\/\/mecon.ch\/fr\/","name":"mecon.ch","description":"MECON measure &amp; consult GmbH","publisher":{"@id":"https:\/\/mecon.ch\/fr\/#organization"},"potentialAction":[{"@type":"SearchAction","target":{"@type":"EntryPoint","urlTemplate":"https:\/\/mecon.ch\/fr\/?s={search_term_string}"},"query-input":{"@type":"PropertyValueSpecification","valueRequired":true,"valueName":"search_term_string"}}],"inLanguage":"fr-FR"},{"@type":"Organization","@id":"https:\/\/mecon.ch\/fr\/#organization","name":"MECON measure & consult GmbH","url":"https:\/\/mecon.ch\/fr\/","logo":{"@type":"ImageObject","inLanguage":"fr-FR","@id":"https:\/\/mecon.ch\/fr\/#\/schema\/logo\/image\/","url":"https:\/\/mecon.ch\/wp-content\/uploads\/2022\/06\/logo_mecon-1-1.png","contentUrl":"https:\/\/mecon.ch\/wp-content\/uploads\/2022\/06\/logo_mecon-1-1.png","width":150,"height":22,"caption":"MECON measure & consult GmbH"},"image":{"@id":"https:\/\/mecon.ch\/fr\/#\/schema\/logo\/image\/"}}]}},"_links":{"self":[{"href":"https:\/\/mecon.ch\/fr\/wp-json\/wp\/v2\/pages\/3483","targetHints":{"allow":["GET"]}}],"collection":[{"href":"https:\/\/mecon.ch\/fr\/wp-json\/wp\/v2\/pages"}],"about":[{"href":"https:\/\/mecon.ch\/fr\/wp-json\/wp\/v2\/types\/page"}],"author":[{"embeddable":true,"href":"https:\/\/mecon.ch\/fr\/wp-json\/wp\/v2\/users\/1"}],"replies":[{"embeddable":true,"href":"https:\/\/mecon.ch\/fr\/wp-json\/wp\/v2\/comments?post=3483"}],"version-history":[{"count":35,"href":"https:\/\/mecon.ch\/fr\/wp-json\/wp\/v2\/pages\/3483\/revisions"}],"predecessor-version":[{"id":7841,"href":"https:\/\/mecon.ch\/fr\/wp-json\/wp\/v2\/pages\/3483\/revisions\/7841"}],"wp:attachment":[{"href":"https:\/\/mecon.ch\/fr\/wp-json\/wp\/v2\/media?parent=3483"}],"curies":[{"name":"wp","href":"https:\/\/api.w.org\/{rel}","templated":true}]}}