{"id":3466,"date":"2021-12-08T09:22:45","date_gmt":"2021-12-08T08:22:45","guid":{"rendered":"https:\/\/mecon.ch\/soins-a-domicile\/"},"modified":"2026-01-15T14:47:22","modified_gmt":"2026-01-15T13:47:22","slug":"soins-a-domicile","status":"publish","type":"page","link":"https:\/\/mecon.ch\/fr\/soins-a-domicile\/","title":{"rendered":"Soins \u00e0 domicile"},"content":{"rendered":"\t\t<div data-elementor-type=\"wp-page\" data-elementor-id=\"3466\" class=\"elementor elementor-3466 elementor-57\" data-elementor-post-type=\"page\">\n\t\t\t\t\t\t<section class=\"elementor-section elementor-top-section elementor-element elementor-element-53c629e elementor-section-height-min-height elementor-section-boxed elementor-section-height-default elementor-section-items-middle\" data-id=\"53c629e\" data-element_type=\"section\" data-settings=\"{&quot;jet_parallax_layout_list&quot;:[{&quot;jet_parallax_layout_image&quot;:{&quot;url&quot;:&quot;&quot;,&quot;id&quot;:&quot;&quot;,&quot;size&quot;:&quot;&quot;},&quot;_id&quot;:&quot;c07c64d&quot;,&quot;jet_parallax_layout_image_tablet_extra&quot;:{&quot;url&quot;:&quot;&quot;,&quot;id&quot;:&quot;&quot;,&quot;size&quot;:&quot;&quot;},&quot;jet_parallax_layout_image_tablet&quot;:{&quot;url&quot;:&quot;&quot;,&quot;id&quot;:&quot;&quot;,&quot;size&quot;:&quot;&quot;},&quot;jet_parallax_layout_image_mobile&quot;:{&quot;url&quot;:&quot;&quot;,&quot;id&quot;:&quot;&quot;,&quot;size&quot;:&quot;&quot;},&quot;jet_parallax_layout_speed&quot;:{&quot;unit&quot;:&quot;%&quot;,&quot;size&quot;:50,&quot;sizes&quot;:[]},&quot;jet_parallax_layout_type&quot;:&quot;scroll&quot;,&quot;jet_parallax_layout_direction&quot;:null,&quot;jet_parallax_layout_fx_direction&quot;:null,&quot;jet_parallax_layout_z_index&quot;:&quot;&quot;,&quot;jet_parallax_layout_bg_x&quot;:50,&quot;jet_parallax_layout_bg_x_tablet_extra&quot;:&quot;&quot;,&quot;jet_parallax_layout_bg_x_tablet&quot;:&quot;&quot;,&quot;jet_parallax_layout_bg_x_mobile&quot;:&quot;&quot;,&quot;jet_parallax_layout_bg_y&quot;:50,&quot;jet_parallax_layout_bg_y_tablet_extra&quot;:&quot;&quot;,&quot;jet_parallax_layout_bg_y_tablet&quot;:&quot;&quot;,&quot;jet_parallax_layout_bg_y_mobile&quot;:&quot;&quot;,&quot;jet_parallax_layout_bg_size&quot;:&quot;auto&quot;,&quot;jet_parallax_layout_bg_size_tablet_extra&quot;:&quot;&quot;,&quot;jet_parallax_layout_bg_size_tablet&quot;:&quot;&quot;,&quot;jet_parallax_layout_bg_size_mobile&quot;:&quot;&quot;,&quot;jet_parallax_layout_animation_prop&quot;:&quot;transform&quot;,&quot;jet_parallax_layout_on&quot;:[&quot;desktop&quot;,&quot;tablet&quot;]}],&quot;background_background&quot;:&quot;classic&quot;}\">\n\t\t\t\t\t\t<div class=\"elementor-container elementor-column-gap-default\">\n\t\t\t\t\t<div class=\"elementor-column elementor-col-100 elementor-top-column elementor-element elementor-element-91f2844\" data-id=\"91f2844\" data-element_type=\"column\" data-settings=\"{&quot;background_background&quot;:&quot;classic&quot;}\">\n\t\t\t<div class=\"elementor-widget-wrap elementor-element-populated\">\n\t\t\t\t\t\t<div class=\"elementor-element elementor-element-665067a elementor-invisible elementor-widget elementor-widget-heading\" data-id=\"665067a\" data-element_type=\"widget\" data-settings=\"{&quot;_animation&quot;:&quot;fadeInUp&quot;}\" data-widget_type=\"heading.default\">\n\t\t\t\t<div class=\"elementor-widget-container\">\n\t\t\t\t\t<h1 class=\"elementor-heading-title elementor-size-default\">Organisations de soins \u00e0 domicile<\/h1>\t\t\t\t<\/div>\n\t\t\t\t<\/div>\n\t\t\t\t\t<\/div>\n\t\t<\/div>\n\t\t\t\t\t<\/div>\n\t\t<\/section>\n\t\t\t\t<section class=\"elementor-section elementor-top-section elementor-element elementor-element-f50e259 elementor-section-boxed elementor-section-height-default elementor-section-height-default elementor-invisible\" data-id=\"f50e259\" data-element_type=\"section\" data-settings=\"{&quot;jet_parallax_layout_list&quot;:[{&quot;jet_parallax_layout_image&quot;:{&quot;url&quot;:&quot;&quot;,&quot;id&quot;:&quot;&quot;,&quot;size&quot;:&quot;&quot;},&quot;_id&quot;:&quot;8fdafc9&quot;,&quot;jet_parallax_layout_image_tablet_extra&quot;:{&quot;url&quot;:&quot;&quot;,&quot;id&quot;:&quot;&quot;,&quot;size&quot;:&quot;&quot;},&quot;jet_parallax_layout_image_tablet&quot;:{&quot;url&quot;:&quot;&quot;,&quot;id&quot;:&quot;&quot;,&quot;size&quot;:&quot;&quot;},&quot;jet_parallax_layout_image_mobile&quot;:{&quot;url&quot;:&quot;&quot;,&quot;id&quot;:&quot;&quot;,&quot;size&quot;:&quot;&quot;},&quot;jet_parallax_layout_speed&quot;:{&quot;unit&quot;:&quot;%&quot;,&quot;size&quot;:50,&quot;sizes&quot;:[]},&quot;jet_parallax_layout_type&quot;:&quot;scroll&quot;,&quot;jet_parallax_layout_direction&quot;:null,&quot;jet_parallax_layout_fx_direction&quot;:null,&quot;jet_parallax_layout_z_index&quot;:&quot;&quot;,&quot;jet_parallax_layout_bg_x&quot;:50,&quot;jet_parallax_layout_bg_x_tablet_extra&quot;:&quot;&quot;,&quot;jet_parallax_layout_bg_x_tablet&quot;:&quot;&quot;,&quot;jet_parallax_layout_bg_x_mobile&quot;:&quot;&quot;,&quot;jet_parallax_layout_bg_y&quot;:50,&quot;jet_parallax_layout_bg_y_tablet_extra&quot;:&quot;&quot;,&quot;jet_parallax_layout_bg_y_tablet&quot;:&quot;&quot;,&quot;jet_parallax_layout_bg_y_mobile&quot;:&quot;&quot;,&quot;jet_parallax_layout_bg_size&quot;:&quot;auto&quot;,&quot;jet_parallax_layout_bg_size_tablet_extra&quot;:&quot;&quot;,&quot;jet_parallax_layout_bg_size_tablet&quot;:&quot;&quot;,&quot;jet_parallax_layout_bg_size_mobile&quot;:&quot;&quot;,&quot;jet_parallax_layout_animation_prop&quot;:&quot;transform&quot;,&quot;jet_parallax_layout_on&quot;:[&quot;desktop&quot;,&quot;tablet&quot;]}],&quot;animation&quot;:&quot;fadeIn&quot;}\">\n\t\t\t\t\t\t<div class=\"elementor-container elementor-column-gap-default\">\n\t\t\t\t\t<div class=\"elementor-column elementor-col-50 elementor-top-column elementor-element elementor-element-71f993f\" data-id=\"71f993f\" data-element_type=\"column\">\n\t\t\t<div class=\"elementor-widget-wrap elementor-element-populated\">\n\t\t\t\t\t\t<div class=\"elementor-element elementor-element-4c4242c elementor-widget elementor-widget-text-editor\" data-id=\"4c4242c\" data-element_type=\"widget\" data-widget_type=\"text-editor.default\">\n\t\t\t\t<div class=\"elementor-widget-container\">\n\t\t\t\t\t\t\t\t\t<p><strong>Les mesures de la satisfaction des client-e-s et l&rsquo;enqu\u00eate aupr\u00e8s du personnel de MECON montrent de mani\u00e8re simple et fiable quels sont les points forts et les potentiels d&rsquo;am\u00e9lioration de votre organisation d&rsquo;aide et de soins \u00e0 domicile.<\/strong><\/p><p><span style=\"color: var( --e-global-color-text );\">Le syst\u00e8me de mesure MECON pour les organisations d&rsquo;aide et de soins \u00e0 domicile se compose de deux enqu\u00eates qui peuvent \u00eatre utilis\u00e9es s\u00e9par\u00e9ment ou combin\u00e9es :<\/span><\/p><ul><li>L&rsquo;<strong>enqu\u00eate aupr\u00e8s des client(e)s<\/strong> aborde tous les besoins importants pour eux\/elles. La pr\u00e9sentation claire et simple permet aux client(e)s de remplir plus facilement le questionnaire.<\/li><li>L&rsquo;<strong>enqu\u00eate aupr\u00e8s du personnel<\/strong> couvre tous les domaines importants pour les collaborateurs.<br><br><\/li><\/ul><p>L&rsquo;enqu\u00eate men\u00e9e par MECON permet \u00e0 vos clients et collaborateurs de s&rsquo;exprimer anonymement et donc librement. Un grand avantage de cette r\u00e9alisation externe est que vous pouvez comparer vos r\u00e9sultats avec ceux d&rsquo;autres organisations d&rsquo;aide et de soins \u00e0 domicile. Gr\u00e2ce au benchmarking avec d&rsquo;autres organisations d&rsquo;aide et de soins \u00e0 domicile, vous obtenez une image pertinente des points forts et des potentiels d&rsquo;am\u00e9lioration de votre organisation d&rsquo;aide et de soins \u00e0 domicile.<\/p>\t\t\t\t\t\t\t\t<\/div>\n\t\t\t\t<\/div>\n\t\t\t\t\t<\/div>\n\t\t<\/div>\n\t\t\t\t<div class=\"elementor-column elementor-col-50 elementor-top-column elementor-element elementor-element-759f9c3\" data-id=\"759f9c3\" data-element_type=\"column\" data-settings=\"{&quot;background_background&quot;:&quot;slideshow&quot;,&quot;background_slideshow_gallery&quot;:[{&quot;id&quot;:3390,&quot;url&quot;:&quot;https:\\\/\\\/mecon.ch\\\/wp-content\\\/uploads\\\/2022\\\/01\\\/FFit9tbXsAEOXlf-scaled.jpeg&quot;}],&quot;background_slideshow_slide_duration&quot;:6000,&quot;background_slideshow_transition_duration&quot;:1500,&quot;background_slideshow_ken_burns&quot;:&quot;yes&quot;,&quot;background_slideshow_loop&quot;:&quot;yes&quot;,&quot;background_slideshow_slide_transition&quot;:&quot;fade&quot;,&quot;background_slideshow_ken_burns_zoom_direction&quot;:&quot;in&quot;}\">\n\t\t\t<div class=\"elementor-widget-wrap elementor-element-populated\">\n\t\t\t\t\t\t<section class=\"elementor-section elementor-inner-section elementor-element elementor-element-f35629f elementor-section-boxed elementor-section-height-default elementor-section-height-default\" data-id=\"f35629f\" data-element_type=\"section\" data-settings=\"{&quot;jet_parallax_layout_list&quot;:[{&quot;jet_parallax_layout_image&quot;:{&quot;url&quot;:&quot;&quot;,&quot;id&quot;:&quot;&quot;,&quot;size&quot;:&quot;&quot;},&quot;_id&quot;:&quot;1b801ce&quot;,&quot;jet_parallax_layout_image_tablet_extra&quot;:{&quot;url&quot;:&quot;&quot;,&quot;id&quot;:&quot;&quot;,&quot;size&quot;:&quot;&quot;},&quot;jet_parallax_layout_image_tablet&quot;:{&quot;url&quot;:&quot;&quot;,&quot;id&quot;:&quot;&quot;,&quot;size&quot;:&quot;&quot;},&quot;jet_parallax_layout_image_mobile&quot;:{&quot;url&quot;:&quot;&quot;,&quot;id&quot;:&quot;&quot;,&quot;size&quot;:&quot;&quot;},&quot;jet_parallax_layout_speed&quot;:{&quot;unit&quot;:&quot;%&quot;,&quot;size&quot;:50,&quot;sizes&quot;:[]},&quot;jet_parallax_layout_type&quot;:&quot;scroll&quot;,&quot;jet_parallax_layout_direction&quot;:null,&quot;jet_parallax_layout_fx_direction&quot;:null,&quot;jet_parallax_layout_z_index&quot;:&quot;&quot;,&quot;jet_parallax_layout_bg_x&quot;:50,&quot;jet_parallax_layout_bg_x_tablet_extra&quot;:&quot;&quot;,&quot;jet_parallax_layout_bg_x_tablet&quot;:&quot;&quot;,&quot;jet_parallax_layout_bg_x_mobile&quot;:&quot;&quot;,&quot;jet_parallax_layout_bg_y&quot;:50,&quot;jet_parallax_layout_bg_y_tablet_extra&quot;:&quot;&quot;,&quot;jet_parallax_layout_bg_y_tablet&quot;:&quot;&quot;,&quot;jet_parallax_layout_bg_y_mobile&quot;:&quot;&quot;,&quot;jet_parallax_layout_bg_size&quot;:&quot;auto&quot;,&quot;jet_parallax_layout_bg_size_tablet_extra&quot;:&quot;&quot;,&quot;jet_parallax_layout_bg_size_tablet&quot;:&quot;&quot;,&quot;jet_parallax_layout_bg_size_mobile&quot;:&quot;&quot;,&quot;jet_parallax_layout_animation_prop&quot;:&quot;transform&quot;,&quot;jet_parallax_layout_on&quot;:[&quot;desktop&quot;,&quot;tablet&quot;]}],&quot;background_background&quot;:&quot;classic&quot;}\">\n\t\t\t\t\t\t<div class=\"elementor-container elementor-column-gap-default\">\n\t\t\t\t\t<div class=\"elementor-column elementor-col-100 elementor-inner-column elementor-element elementor-element-b01f386\" data-id=\"b01f386\" data-element_type=\"column\" data-settings=\"{&quot;background_background&quot;:&quot;classic&quot;}\">\n\t\t\t<div class=\"elementor-widget-wrap elementor-element-populated\">\n\t\t\t\t\t\t<div class=\"elementor-element elementor-element-776b247 elementor-widget elementor-widget-text-editor\" data-id=\"776b247\" data-element_type=\"widget\" data-widget_type=\"text-editor.default\">\n\t\t\t\t<div class=\"elementor-widget-container\">\n\t\t\t\t\t\t\t\t\t<p>Plus de 100 organisations d&rsquo;aide et de soins \u00e0 domicile ont d\u00e9j\u00e0 r\u00e9alis\u00e9 ces enqu\u00eates avec MECON.<\/p><p><span style=\"color: var( --e-global-color-text );\">Informations suppl\u00e9mentaires:<\/span><\/p><p><span style=\"color: var( --e-global-color-text );\">&#8211; <a href=\"https:\/\/mecon.ch\/fr\/soins-a-domicile-sondage-aupres-des-clients\/\" target=\"_blank\" rel=\"noopener\">Sondage aupr\u00e8s des clients<\/a><br \/><\/span><a href=\"https:\/\/mecon.ch\/fr\/soins-a-domicile-sondage-aupres-des-collaborateurs-offre\/\" target=\"_blank\" rel=\"noopener\"><span style=\"text-decoration: underline;\">&#8211;<\/span> Sondage aupr\u00e8s des collaborateurs<\/a><\/p><p>Vous souhaitez recevoir des documents compl\u00e9mentaires ?<\/p>\t\t\t\t\t\t\t\t<\/div>\n\t\t\t\t<\/div>\n\t\t\t\t<div class=\"elementor-element elementor-element-a603e6e elementor-align-left elementor-widget elementor-widget-button\" data-id=\"a603e6e\" data-element_type=\"widget\" data-widget_type=\"button.default\">\n\t\t\t\t<div class=\"elementor-widget-container\">\n\t\t\t\t\t\t\t\t\t<div class=\"elementor-button-wrapper\">\n\t\t\t\t\t<a class=\"elementor-button elementor-button-link elementor-size-lg\" href=\"https:\/\/mecon.ch\/fr\/documents\/\" target=\"_blank\">\n\t\t\t\t\t\t<span class=\"elementor-button-content-wrapper\">\n\t\t\t\t\t\t\t\t\t<span class=\"elementor-button-text\">Commander de la documentation<\/span>\n\t\t\t\t\t<\/span>\n\t\t\t\t\t<\/a>\n\t\t\t\t<\/div>\n\t\t\t\t\t\t\t\t<\/div>\n\t\t\t\t<\/div>\n\t\t\t\t<div class=\"elementor-element elementor-element-c69b780 elementor-widget elementor-widget-text-editor\" data-id=\"c69b780\" data-element_type=\"widget\" data-widget_type=\"text-editor.default\">\n\t\t\t\t<div class=\"elementor-widget-container\">\n\t\t\t\t\t\t\t\t\t<p>N&rsquo;h\u00e9sitez pas \u00e0 nous contacter si vous avez des questions.<br \/><a title=\"Contact\" href=\"https:\/\/www.mecon.ch\/fr\/contact\" target=\"_blank\" rel=\"noopener\">Contactez-nous<\/a><\/p>\t\t\t\t\t\t\t\t<\/div>\n\t\t\t\t<\/div>\n\t\t\t\t\t<\/div>\n\t\t<\/div>\n\t\t\t\t\t<\/div>\n\t\t<\/section>\n\t\t\t\t\t<\/div>\n\t\t<\/div>\n\t\t\t\t\t<\/div>\n\t\t<\/section>\n\t\t\t\t<\/div>\n\t\t","protected":false},"excerpt":{"rendered":"<p>Organisations de soins \u00e0 domicile Les mesures de la satisfaction des client-e-s et l&rsquo;enqu\u00eate aupr\u00e8s du personnel de MECON montrent de mani\u00e8re simple et fiable quels sont les points forts et les potentiels d&rsquo;am\u00e9lioration de votre organisation d&rsquo;aide et de soins \u00e0 domicile. Le syst\u00e8me de mesure MECON pour les organisations d&rsquo;aide et de soins [&hellip;]<\/p>\n","protected":false},"author":1,"featured_media":0,"parent":0,"menu_order":0,"comment_status":"closed","ping_status":"closed","template":"","meta":{"_acf_changed":false,"footnotes":""},"class_list":["post-3466","page","type-page","status-publish","hentry"],"acf":[],"yoast_head":"<!-- This site is optimized with the Yoast SEO Premium plugin v20.8 (Yoast SEO v26.0) - https:\/\/yoast.com\/wordpress\/plugins\/seo\/ -->\n<title>Soins \u00e0 domicile - mecon.ch<\/title>\n<meta name=\"robots\" content=\"index, follow, max-snippet:-1, max-image-preview:large, max-video-preview:-1\" \/>\n<link rel=\"canonical\" href=\"https:\/\/mecon.ch\/fr\/soins-a-domicile\/\" \/>\n<meta property=\"og:locale\" content=\"fr_FR\" \/>\n<meta property=\"og:type\" content=\"article\" \/>\n<meta property=\"og:title\" content=\"Soins \u00e0 domicile\" \/>\n<meta property=\"og:description\" content=\"Organisations de soins \u00e0 domicile Les mesures de la satisfaction des client-e-s et l&rsquo;enqu\u00eate aupr\u00e8s du personnel de MECON montrent de mani\u00e8re simple et fiable quels sont les points forts et les potentiels d&rsquo;am\u00e9lioration de votre organisation d&rsquo;aide et de soins \u00e0 domicile. Le syst\u00e8me de mesure MECON pour les organisations d&rsquo;aide et de soins [&hellip;]\" \/>\n<meta property=\"og:url\" content=\"https:\/\/mecon.ch\/fr\/soins-a-domicile\/\" \/>\n<meta property=\"og:site_name\" content=\"mecon.ch\" \/>\n<meta property=\"article:modified_time\" content=\"2026-01-15T13:47:22+00:00\" \/>\n<meta name=\"twitter:card\" content=\"summary_large_image\" \/>\n<meta name=\"twitter:label1\" content=\"Dur\u00e9e de lecture estim\u00e9e\" \/>\n\t<meta name=\"twitter:data1\" content=\"2 minutes\" \/>\n<script type=\"application\/ld+json\" class=\"yoast-schema-graph\">{\"@context\":\"https:\/\/schema.org\",\"@graph\":[{\"@type\":\"WebPage\",\"@id\":\"https:\/\/mecon.ch\/fr\/soins-a-domicile\/\",\"url\":\"https:\/\/mecon.ch\/fr\/soins-a-domicile\/\",\"name\":\"Soins \u00e0 domicile - mecon.ch\",\"isPartOf\":{\"@id\":\"https:\/\/mecon.ch\/fr\/#website\"},\"datePublished\":\"2021-12-08T08:22:45+00:00\",\"dateModified\":\"2026-01-15T13:47:22+00:00\",\"breadcrumb\":{\"@id\":\"https:\/\/mecon.ch\/fr\/soins-a-domicile\/#breadcrumb\"},\"inLanguage\":\"fr-FR\",\"potentialAction\":[{\"@type\":\"ReadAction\",\"target\":[\"https:\/\/mecon.ch\/fr\/soins-a-domicile\/\"]}]},{\"@type\":\"BreadcrumbList\",\"@id\":\"https:\/\/mecon.ch\/fr\/soins-a-domicile\/#breadcrumb\",\"itemListElement\":[{\"@type\":\"ListItem\",\"position\":1,\"name\":\"Startseite\",\"item\":\"https:\/\/mecon.ch\/fr\/accueil\/\"},{\"@type\":\"ListItem\",\"position\":2,\"name\":\"Soins \u00e0 domicile\"}]},{\"@type\":\"WebSite\",\"@id\":\"https:\/\/mecon.ch\/fr\/#website\",\"url\":\"https:\/\/mecon.ch\/fr\/\",\"name\":\"mecon.ch\",\"description\":\"MECON measure &amp; consult GmbH\",\"publisher\":{\"@id\":\"https:\/\/mecon.ch\/fr\/#organization\"},\"potentialAction\":[{\"@type\":\"SearchAction\",\"target\":{\"@type\":\"EntryPoint\",\"urlTemplate\":\"https:\/\/mecon.ch\/fr\/?s={search_term_string}\"},\"query-input\":{\"@type\":\"PropertyValueSpecification\",\"valueRequired\":true,\"valueName\":\"search_term_string\"}}],\"inLanguage\":\"fr-FR\"},{\"@type\":\"Organization\",\"@id\":\"https:\/\/mecon.ch\/fr\/#organization\",\"name\":\"MECON measure & consult GmbH\",\"url\":\"https:\/\/mecon.ch\/fr\/\",\"logo\":{\"@type\":\"ImageObject\",\"inLanguage\":\"fr-FR\",\"@id\":\"https:\/\/mecon.ch\/fr\/#\/schema\/logo\/image\/\",\"url\":\"https:\/\/mecon.ch\/wp-content\/uploads\/2022\/06\/logo_mecon-1-1.png\",\"contentUrl\":\"https:\/\/mecon.ch\/wp-content\/uploads\/2022\/06\/logo_mecon-1-1.png\",\"width\":150,\"height\":22,\"caption\":\"MECON measure & consult GmbH\"},\"image\":{\"@id\":\"https:\/\/mecon.ch\/fr\/#\/schema\/logo\/image\/\"}}]}<\/script>\n<!-- \/ Yoast SEO Premium plugin. -->","yoast_head_json":{"title":"Soins \u00e0 domicile - mecon.ch","robots":{"index":"index","follow":"follow","max-snippet":"max-snippet:-1","max-image-preview":"max-image-preview:large","max-video-preview":"max-video-preview:-1"},"canonical":"https:\/\/mecon.ch\/fr\/soins-a-domicile\/","og_locale":"fr_FR","og_type":"article","og_title":"Soins \u00e0 domicile","og_description":"Organisations de soins \u00e0 domicile Les mesures de la satisfaction des client-e-s et l&rsquo;enqu\u00eate aupr\u00e8s du personnel de MECON montrent de mani\u00e8re simple et fiable quels sont les points forts et les potentiels d&rsquo;am\u00e9lioration de votre organisation d&rsquo;aide et de soins \u00e0 domicile. Le syst\u00e8me de mesure MECON pour les organisations d&rsquo;aide et de soins [&hellip;]","og_url":"https:\/\/mecon.ch\/fr\/soins-a-domicile\/","og_site_name":"mecon.ch","article_modified_time":"2026-01-15T13:47:22+00:00","twitter_card":"summary_large_image","twitter_misc":{"Dur\u00e9e de lecture estim\u00e9e":"2 minutes"},"schema":{"@context":"https:\/\/schema.org","@graph":[{"@type":"WebPage","@id":"https:\/\/mecon.ch\/fr\/soins-a-domicile\/","url":"https:\/\/mecon.ch\/fr\/soins-a-domicile\/","name":"Soins \u00e0 domicile - mecon.ch","isPartOf":{"@id":"https:\/\/mecon.ch\/fr\/#website"},"datePublished":"2021-12-08T08:22:45+00:00","dateModified":"2026-01-15T13:47:22+00:00","breadcrumb":{"@id":"https:\/\/mecon.ch\/fr\/soins-a-domicile\/#breadcrumb"},"inLanguage":"fr-FR","potentialAction":[{"@type":"ReadAction","target":["https:\/\/mecon.ch\/fr\/soins-a-domicile\/"]}]},{"@type":"BreadcrumbList","@id":"https:\/\/mecon.ch\/fr\/soins-a-domicile\/#breadcrumb","itemListElement":[{"@type":"ListItem","position":1,"name":"Startseite","item":"https:\/\/mecon.ch\/fr\/accueil\/"},{"@type":"ListItem","position":2,"name":"Soins \u00e0 domicile"}]},{"@type":"WebSite","@id":"https:\/\/mecon.ch\/fr\/#website","url":"https:\/\/mecon.ch\/fr\/","name":"mecon.ch","description":"MECON measure &amp; consult GmbH","publisher":{"@id":"https:\/\/mecon.ch\/fr\/#organization"},"potentialAction":[{"@type":"SearchAction","target":{"@type":"EntryPoint","urlTemplate":"https:\/\/mecon.ch\/fr\/?s={search_term_string}"},"query-input":{"@type":"PropertyValueSpecification","valueRequired":true,"valueName":"search_term_string"}}],"inLanguage":"fr-FR"},{"@type":"Organization","@id":"https:\/\/mecon.ch\/fr\/#organization","name":"MECON measure & consult GmbH","url":"https:\/\/mecon.ch\/fr\/","logo":{"@type":"ImageObject","inLanguage":"fr-FR","@id":"https:\/\/mecon.ch\/fr\/#\/schema\/logo\/image\/","url":"https:\/\/mecon.ch\/wp-content\/uploads\/2022\/06\/logo_mecon-1-1.png","contentUrl":"https:\/\/mecon.ch\/wp-content\/uploads\/2022\/06\/logo_mecon-1-1.png","width":150,"height":22,"caption":"MECON measure & consult GmbH"},"image":{"@id":"https:\/\/mecon.ch\/fr\/#\/schema\/logo\/image\/"}}]}},"_links":{"self":[{"href":"https:\/\/mecon.ch\/fr\/wp-json\/wp\/v2\/pages\/3466","targetHints":{"allow":["GET"]}}],"collection":[{"href":"https:\/\/mecon.ch\/fr\/wp-json\/wp\/v2\/pages"}],"about":[{"href":"https:\/\/mecon.ch\/fr\/wp-json\/wp\/v2\/types\/page"}],"author":[{"embeddable":true,"href":"https:\/\/mecon.ch\/fr\/wp-json\/wp\/v2\/users\/1"}],"replies":[{"embeddable":true,"href":"https:\/\/mecon.ch\/fr\/wp-json\/wp\/v2\/comments?post=3466"}],"version-history":[{"count":27,"href":"https:\/\/mecon.ch\/fr\/wp-json\/wp\/v2\/pages\/3466\/revisions"}],"predecessor-version":[{"id":9440,"href":"https:\/\/mecon.ch\/fr\/wp-json\/wp\/v2\/pages\/3466\/revisions\/9440"}],"wp:attachment":[{"href":"https:\/\/mecon.ch\/fr\/wp-json\/wp\/v2\/media?parent=3466"}],"curies":[{"name":"wp","href":"https:\/\/api.w.org\/{rel}","templated":true}]}}